{"id":14514,"date":"2013-11-21T14:53:18","date_gmt":"2013-11-21T14:53:18","guid":{"rendered":"http:\/\/intersismet.com\/?page_id=14514"},"modified":"2015-04-06T11:57:48","modified_gmt":"2015-04-06T11:57:48","slug":"services","status":"publish","type":"page","link":"http:\/\/intersismet.pt\/en\/services\/","title":{"rendered":"Services"},"content":{"rendered":"<div class=\"vc_row wpb_row vc_row-fluid\"><div class=\"wpb_column vc_column_container vc_col-sm-12\"><div class=\"wpb_wrapper\">[dt_gap height=&#8221;20&#8243;]<\/div><\/div><\/div><div class=\"vc_row wpb_row vc_row-fluid\"><div class=\"wpb_column vc_column_container vc_col-sm-12\"><div class=\"wpb_wrapper\">\n\t<div class=\"wpb_text_column wpb_content_element \">\n\t\t<div class=\"wpb_wrapper\">\n\t\t\t<p>We offer a wide range of Consulting and Advisory services, based on our strong track record and our knowledge of the local realities prevailing in Portugal, Angola, Brazil, Cape Verde, Mozambique and Guinea-Bissau, amongst other countries.<\/p>\n<p>As a consulting firm, we cover virtually all specialist areas of Central and Local Public Administration, and can thus make a consolidated contribution to national processes of decentralization and administrative modernization.<\/p>\n<p>In terms of advisory services, we advise our customers in terms of operationalisation of processes and compliance with legal requirements in various areas \u2013 including accounting, finance and human resources.<\/p>\n<p style=\"text-align: justify;\">Ao n\u00edvel dos servi\u00e7os de Assessoria, apoiamos os nossos clientes na operacionaliza\u00e7\u00e3o de processos e no cumprimento de requisitos legais exig\u00edveis em diversos dom\u00ednios, nomeadamente, contabil\u00edstico, financeiro e de recursos humanos.<\/p>\n\n\t\t<\/div>\n\t<\/div>\n[dt_gap height=&#8221;20&#8243;]<\/div><\/div><\/div><div class=\"vc_row wpb_row vc_row-fluid\"><div class=\"wpb_column vc_column_container vc_col-sm-6\"><div class=\"wpb_wrapper\">[dt_banner target_blank=&#8221;false&#8221; bg_color=&#8221;#f4f4f4&#8243; bg_opacity=&#8221;100&#8243; text_color=&#8221;#7b7b7b&#8221; text_size=&#8221;small&#8221; border_width=&#8221;0&#8243; outer_padding=&#8221;0&#8243; inner_padding=&#8221;10&#8243; min_height=&#8221;280&#8243; link=&#8221;http:\/\/intersismet.com\/en\/services\/consultoria\/&#8221; type=&#8221;uploaded_image&#8221;]<span style=\"color: #b63127;\"><strong>CONSULTANCY SERVICES<\/strong><\/span><\/p>\n<p>[dt_vc_list style=&#8221;1&#8243; dividers=&#8221;false&#8221;]<\/p>\n<ul>\n<li>Administrative Modernisation<\/li>\n<li>Strategic Planning<\/li>\n<li>Institutional Capacity Building<\/li>\n<li>Skills Development<\/li>\n<li>Information and Communication Technologies (ICT)<\/li>\n<li>Studies and Diagnostics<\/li>\n<li>Evaluations and Audits<\/li>\n<\/ul>\n<p>[\/dt_vc_list][\/dt_banner][dt_gap height=&#8221;20&#8243;]<\/div><\/div><div class=\"wpb_column vc_column_container vc_col-sm-6\"><div class=\"wpb_wrapper\">[dt_banner target_blank=&#8221;false&#8221; bg_color=&#8221;#f4f4f4&#8243; bg_opacity=&#8221;100&#8243; text_color=&#8221;#7b7b7b&#8221; text_size=&#8221;small&#8221; border_width=&#8221;0&#8243; outer_padding=&#8221;0&#8243; inner_padding=&#8221;10&#8243; min_height=&#8221;280&#8243; link=&#8221;http:\/\/intersismet.com\/en\/services\/advisory-services\/&#8221; type=&#8221;uploaded_image&#8221;]<span style=\"color: #b63127;\"><strong>ADVISORY SERVICES<\/strong><\/span><\/p>\n<p>[dt_vc_list style=&#8221;1&#8243; dividers=&#8221;false&#8221;]<\/p>\n<ul>\n<li>Technical Assistance[\/dt_vc_list]\n<ul>\n<ul>\n<ul>\n<li>Organization of Services<\/li>\n<li>Accounting<\/li>\n<li>Finance<\/li>\n<li>Assets<\/li>\n<li>Human Resources<\/li>\n<\/ul>\n<\/ul>\n<\/ul>\n<\/li>\n<\/ul>\n<p>[dt_vc_list style=&#8221;1&#8243; dividers=&#8221;false&#8221;]<\/p>\n<ul>\n<li>Outsourcing<\/li>\n<\/ul>\n<p>[\/dt_vc_list]<\/p>\n<p>[dt_gap height=&#8221;37&#8243; \/][\/dt_banner][dt_gap height=&#8221;20&#8243;]<\/div><\/div><\/div><div class=\"vc_row wpb_row vc_row-fluid\"><div class=\"wpb_column vc_column_container vc_col-sm-8\"><div class=\"wpb_wrapper\"><\/div><\/div><div class=\"wpb_column vc_column_container vc_col-sm-4\"><div class=\"wpb_wrapper\"><\/div><\/div><\/div>\n","protected":false},"excerpt":{"rendered":"[dt_gap height=\"20\"] We offer a wide range of Consulting and Advisory services, based on our strong track record and our knowledge of the local realities prevailing in Portugal, Angola, Brazil, Cape Verde, Mozambique and Guinea-Bissau, amongst other countries. As a consulting firm, we cover virtually all specialist areas of Central and Local Public Administration, and &hellip; <a href=\"http:\/\/intersismet.pt\/en\/services\/\" class=\"more-link\">Continue reading <span class=\"screen-reader-text\">Services<\/span><\/a>","protected":false},"author":1,"featured_media":0,"parent":0,"menu_order":0,"comment_status":"closed","ping_status":"closed","template":"","meta":{"footnotes":""},"_links":{"self":[{"href":"http:\/\/intersismet.pt\/en\/wp-json\/wp\/v2\/pages\/14514"}],"collection":[{"href":"http:\/\/intersismet.pt\/en\/wp-json\/wp\/v2\/pages"}],"about":[{"href":"http:\/\/intersismet.pt\/en\/wp-json\/wp\/v2\/types\/page"}],"author":[{"embeddable":true,"href":"http:\/\/intersismet.pt\/en\/wp-json\/wp\/v2\/users\/1"}],"replies":[{"embeddable":true,"href":"http:\/\/intersismet.pt\/en\/wp-json\/wp\/v2\/comments?post=14514"}],"version-history":[{"count":0,"href":"http:\/\/intersismet.pt\/en\/wp-json\/wp\/v2\/pages\/14514\/revisions"}],"wp:attachment":[{"href":"http:\/\/intersismet.pt\/en\/wp-json\/wp\/v2\/media?parent=14514"}],"curies":[{"name":"wp","href":"https:\/\/api.w.org\/{rel}","templated":true}]}}