{"id":13441,"date":"2013-10-01T10:11:02","date_gmt":"2013-10-01T10:11:02","guid":{"rendered":"http:\/\/intersismet.com\/clientes-2\/"},"modified":"2019-04-29T14:47:34","modified_gmt":"2019-04-29T14:47:34","slug":"clientees","status":"publish","type":"page","link":"http:\/\/intersismet.pt\/es\/clientees\/","title":{"rendered":"Clientes"},"content":{"rendered":"<div class=\"vc_row wpb_row vc_row-fluid\"><div class=\"wpb_column vc_column_container vc_col-sm-12\"><div class=\"wpb_wrapper\">\n\t<div class=\"wpb_text_column wpb_content_element \">\n\t\t<div class=\"wpb_wrapper\">\n\t\t\t<h3>Nacionales<\/h3>\n\n\t\t<\/div>\n\t<\/div>\n[dt_gap height=&#8221;10&#8243;]\n\t<div class=\"wpb_tabs wpb_content_element\" data-interval=\"0\">\n\t\t<div class=\"wpb_wrapper wpb_tour_tabs_wrapper ui-tabs vc_clearfix\">\n\t\t\t<ul class=\"wpb_tabs_nav ui-tabs-nav vc_clearfix\"><li><a href=\"#tab-1382271060-1-56\">Ayuntamientos<\/a><\/li><li><a href=\"#tab-1382271060-2-99\">Asociaciones de Municipios<\/a><\/li><li><a href=\"#tab-1382274074498-2-6\">Otros<\/a><\/li><\/ul>\n\t<div id=\"tab-1382271060-1-56\" class=\"wpb_tab ui-tabs-panel wpb_ui-tabs-hide vc_clearfix\">\n\t\t<div class=\"vc_row wpb_row vc_inner vc_row-fluid\"><div class=\"wpb_column vc_column_container vc_col-sm-4\"><div class=\"wpb_wrapper\">[dt_vc_list style=&#8221;1&#8243; dividers=&#8221;true&#8221;]<\/p>\n<ul>\n<li>Abrantes<\/li>\n<li>Alc\u00e1cer do Sal<\/li>\n<li>Alcanena<\/li>\n<li>Alcochete<\/li>\n<li>Alenquer<\/li>\n<li>Aljustrel<\/li>\n<li>Almada<\/li>\n<li>Alpiar\u00e7a<\/li>\n<li>Alvito<\/li>\n<li>Amadora<\/li>\n<li>Arronches<\/li>\n<li>Barrancos<\/li>\n<li>Barreiro<\/li>\n<li>Benavente<\/li>\n<li>Calheta<\/li>\n<li>Campo Maior<\/li>\n<li>Cartaxo<\/li>\n<li>Castelo de Vide<\/li>\n<li>Chamusca<\/li>\n<li>Const\u00e2ncia<\/li>\n<li>Crato<\/li>\n<li>Cuba<\/li>\n<li>Entroncamento<\/li>\n<li>Ferreira do Z\u00eazere<\/li>\n<li>Gavi\u00e3<\/li>\n<\/ul>\n<p>[\/dt_vc_list]<\/div><\/div><div class=\"wpb_column vc_column_container vc_col-sm-4\"><div class=\"wpb_wrapper\">[dt_vc_list style=&#8221;1&#8243; dividers=&#8221;true&#8221;]<\/p>\n<ul>\n<li>Goleg\u00e3<\/li>\n<li>Gr\u00e2ndola<\/li>\n<li>Horta<\/li>\n<li>Lajes do Pico<\/li>\n<li>Lagoa<\/li>\n<li>Lagos<\/li>\n<li>Leiria<\/li>\n<li>Lisboa<\/li>\n<li>Loures<\/li>\n<li>Madalena<\/li>\n<li>Marinha Grande<\/li>\n<li>Marv\u00e3o<\/li>\n<li>M\u00e9rtola<\/li>\n<li>Monforte<\/li>\n<li>Montemor-o-Novo<\/li>\n<li>Montijo<\/li>\n<li>Mort\u00e1gua<\/li>\n<li>Mour\u00e3o<\/li>\n<li>Nisa<\/li>\n<li>Oeiras<\/li>\n<li>Oliveira de Azemeis<\/li>\n<li>Our\u00e9m<\/li>\n<li>Ovar<\/li>\n<li>Palmela<\/li>\n<li>Portalegre<\/li>\n<li>Ponta Delgada<\/li>\n<\/ul>\n<p>[\/dt_vc_list]<\/div><\/div><div class=\"wpb_column vc_column_container vc_col-sm-4\"><div class=\"wpb_wrapper\">[dt_vc_list style=&#8221;1&#8243; dividers=&#8221;true&#8221;]<\/p>\n<ul>\n<li>Porto<\/li>\n<li>Porto de M\u00f3s<\/li>\n<li>Reguengos de Monsaraz<\/li>\n<li>Rio Maior<\/li>\n<li>S. Br\u00e1s de Alportel<\/li>\n<li>S. Roque do Pico<\/li>\n<li>Salvaterra de Magos<\/li>\n<li>Santar\u00e9m<\/li>\n<li>Santiago do Cac\u00e9m<\/li>\n<li>Sardoal<\/li>\n<li>Seixal<\/li>\n<li>Serpa<\/li>\n<li>Sines<\/li>\n<li>Sobral de Monte Agra\u00e7o<\/li>\n<li>Sousel<\/li>\n<li>T\u00e1bua<\/li>\n<li>Tomar<\/li>\n<li>Tondela<\/li>\n<li>Torres Vedras<\/li>\n<li>Velas<\/li>\n<li>Vendas Novas<\/li>\n<li>Vila do Bispo<\/li>\n<li>Vila Real<\/li>\n<\/ul>\n<p>[\/dt_vc_list]<\/div><\/div><\/div>\n\t<\/div>\n\n\t<div id=\"tab-1382271060-2-99\" class=\"wpb_tab ui-tabs-panel wpb_ui-tabs-hide vc_clearfix\">\n\t\t[dt_vc_list style=&#8221;1&#8243; dividers=&#8221;true&#8221;]<\/p>\n<ul>\n<li>AMCAL<\/li>\n<li>AMDB<\/li>\n<li>AMDE<\/li>\n<li>AMDS<\/li>\n<li>AMLT<\/li>\n<li>\u00c1rea Metropolitana de Lisboa<\/li>\n<li>\u00c1rea Metropolitana del Litoral Alentejano<\/li>\n<\/ul>\n<p>[\/dt_vc_list]\n\t<\/div>\n\n\t<div id=\"tab-1382274074498-2-6\" class=\"wpb_tab ui-tabs-panel wpb_ui-tabs-hide vc_clearfix\">\n\t\t[dt_vc_list style=&#8221;1&#8243; dividers=&#8221;true&#8221;]<\/p>\n<ul>\n<li>CCDR Alentejo<\/li>\n<li>CCDR Algarve<\/li>\n<li>CCDR Lisboa y Valle del Tajo<\/li>\n<li>Regi\u00f3n de Turismo de la Plan\u00edcie Dourada<\/li>\n<li>Regi\u00f3n de Turismo de \u00c9vora<\/li>\n<li>Regi\u00f3n de Turismo de S. Mamede<\/li>\n<li>Regi\u00f3n de Turismo del Algarve<\/li>\n<li>Regi\u00f3n de Turismo del Norte Alentejano<\/li>\n<li>Regi\u00f3n de Turismo del Ribatejo<\/li>\n<li>Direcci\u00f3n General de las Pol\u00edticas Regionales de la EU<\/li>\n<li>Direcci\u00f3n General de Desarrollo Regional<\/li>\n<li>Junta Nacional de Investigaci\u00f3n Cient\u00edfica y Tecnol\u00f3gica<\/li>\n<li>Secretar\u00eda Regional de Vivienda, Obras P\u00fablicas, Transportes y Comunicaciones<\/li>\n<li>Secretar\u00eda Regional de Hacienda \u2013 Madeira<\/li>\n<\/ul>\n<p>[\/dt_vc_list]\n\t<\/div>\n\n\t\t<\/div>\n\t<\/div>\n[dt_gap height=&#8221;20&#8243;]<\/div><\/div><\/div><div class=\"vc_row wpb_row vc_row-fluid\"><div class=\"wpb_column vc_column_container vc_col-sm-12\"><div class=\"wpb_wrapper\">\n\t<div class=\"wpb_text_column wpb_content_element \">\n\t\t<div class=\"wpb_wrapper\">\n\t\t\t<h3>Internacionales<\/h3>\n\n\t\t<\/div>\n\t<\/div>\n[dt_gap height=&#8221;10&#8243;]\n\t<div class=\"wpb_tabs wpb_content_element\" data-interval=\"0\">\n\t\t<div class=\"wpb_wrapper wpb_tour_tabs_wrapper ui-tabs vc_clearfix\">\n\t\t\t<ul class=\"wpb_tabs_nav ui-tabs-nav vc_clearfix\"><li><a href=\"#tab-1382274286473-3-4\">Angola<\/a><\/li><li><a href=\"#tab-1382274304179-4-1\">Brasil<\/a><\/li><li><a href=\"#tab-1382274807158-2-5\">Mozambique<\/a><\/li><li><a href=\"#tab-1382274849292-3-9\">Cabo Verde<\/a><\/li><li><a href=\"#tab-1382274896618-4-10\">Guinea Bissau<\/a><\/li><\/ul>\n\t<div id=\"tab-1382274286473-3-4\" class=\"wpb_tab ui-tabs-panel wpb_ui-tabs-hide vc_clearfix\">\n\t\t<div class=\"vc_row wpb_row vc_inner vc_row-fluid\"><div class=\"wpb_column vc_column_container vc_col-sm-6\"><div class=\"wpb_wrapper\">[dt_vc_list style=&#8221;1&#8243; dividers=&#8221;true&#8221;]<strong>Gobiernos Provinciales<\/strong><\/p>\n<ul>\n<li>Gobierno de la Provincia de Bi\u00e9<\/li>\n<li>Gobierno de la Provincia de Cabinda<\/li>\n<li>Gobierno de la Provincia de Luanda<\/li>\n<li>Gobierno de la Provincia de Bengo<\/li>\n<li>Gobierno de la Provincia de Benguela<\/li>\n<li>Gobierno de la Provincia de Cuando Cubango<\/li>\n<li>Gobierno de la Provincia de Zaire<\/li>\n<li>Gobierno de la Provincia de Lunda-Sul<\/li>\n<li>Gobierno de la Provincia de Lunda-Norte<\/li>\n<li>Gobierno Provincial de Cuanza-Sul<\/li>\n<\/ul>\n<p><strong>Ministerios<\/strong><\/p>\n<ul>\n<li>Ministerio de Urbanismo y Ambiente<\/li>\n<li>Ministerio de Planificaci\u00f3n<\/li>\n<li>Ministerio de Administraci\u00f3n del Territorio<\/li>\n<li>Ministerio de Salud<\/li>\n<li>Ministerio de Planificaci\u00f3n<\/li>\n<li>Ministerio de Energ\u00eda y Aguas<\/li>\n<li>Ministerio de Comercio<\/li>\n<li>Ministerio de Industria<\/li>\n<li>Ministerio de Ciencias y Tecnolog\u00edas<\/li>\n<\/ul>\n<p><strong>Empresas P\u00fablicas<\/strong><\/p>\n<ul>\n<li>Puerto de Luanda, E.P.<\/li>\n<\/ul>\n<p>[\/dt_vc_list]<\/div><\/div><div class=\"wpb_column vc_column_container vc_col-sm-6\"><div class=\"wpb_wrapper\">[dt_vc_list style=&#8221;1&#8243; dividers=&#8221;true&#8221; bullet_position=&#8221;top&#8221;]<strong>Administraciones Municipales<\/strong><\/p>\n<ul>\n<li>Administraci\u00f3n Municipal de Belize (Provincia de Cabinda)<\/li>\n<li>Administraci\u00f3n Municipal de Buco Zau (Provincia de Cabinda)<\/li>\n<li>Administraci\u00f3n Municipal de Cabinda (Provincia de Cabinda)<\/li>\n<li>Administraci\u00f3n Municipal de Cacongo (Provincia de Cabinda)<\/li>\n<li>Administraci\u00f3n Municipal de Cazenga (Provincia de Luanda)<\/li>\n<li>Administraci\u00f3n Municipal de Cacuaco (Provincia de Luanda)<\/li>\n<li>Administraci\u00f3n Municipal de Rangel (Provincia de Luanda)<\/li>\n<li>Administraci\u00f3n Municipal de Samba (Provincia de Luanda)<\/li>\n<li>Administraci\u00f3n Municipal de Viana (Provincia de Luanda)<\/li>\n<li>Administraci\u00f3n Municipal de X\u00e1-Muteba (Provincia de Lunda Norte)<\/li>\n<li>Administraci\u00f3n Municipal de Chitato (Provincia de Lunda Norte)<\/li>\n<li>Administraci\u00f3n Municipal de Cuilo (Provincia de Lunda Norte)<\/li>\n<li>Administraci\u00f3n Municipal de Lubalo (Provincia de Lunda Norte)<\/li>\n<\/ul>\n<p><strong>Institutos<\/strong><\/p>\n<ul>\n<li>IPGUL \u2013 Instituto de Planificaci\u00f3n y Gesti\u00f3n Urbana de Luanda<\/li>\n<li>INOTU \u2013 Instituto Nacional del Ordenaci\u00f3n del Territorio y Desarrollo Urbano<\/li>\n<li>INH- Instituto Nacional de Vivienda<\/li>\n<li>IGCA -Instituto de Geodesia y Cartograf\u00eda de Angola<\/li>\n<li>IDA \u2013 Instituto de Desarrollo Agrario<\/li>\n<li>INEMA \u2013 Instituto Nacional de Emergencias M\u00e9dicas de Angola<\/li>\n<li>IGEO \u2013 Instituto Geol\u00f3gico de Angola<\/li>\n<li>IFAL \u2013 Instituto de Formaci\u00f3n de la Administraci\u00f3n Local<\/li>\n<\/ul>\n<p>[\/dt_vc_list]<\/div><\/div><\/div>\n\t<\/div>\n\n\t<div id=\"tab-1382274304179-4-1\" class=\"wpb_tab ui-tabs-panel wpb_ui-tabs-hide vc_clearfix\">\n\t\t[dt_vc_list style=&#8221;1&#8243; dividers=&#8221;true&#8221;]<\/p>\n<ul>\n<li>Gobierno del Estado de Cear\u00e1<\/li>\n<li>Gobierno del Estado de Para\u00edba<\/li>\n<\/ul>\n<p>[\/dt_vc_list]\n\t<\/div>\n\n\t<div id=\"tab-1382274807158-2-5\" class=\"wpb_tab ui-tabs-panel wpb_ui-tabs-hide vc_clearfix\">\n\t\t[dt_vc_list style=&#8221;1&#8243; dividers=&#8221;true&#8221;]<\/p>\n<ul>\n<li>PETROMOC<\/li>\n<li>Gobierno Provincial de Niassa<\/li>\n<li>Ministerio de Administraci\u00f3n Estatal<\/li>\n<\/ul>\n<p>[\/dt_vc_list]\n\t<\/div>\n\n\t<div id=\"tab-1382274849292-3-9\" class=\"wpb_tab ui-tabs-panel wpb_ui-tabs-hide vc_clearfix\">\n\t\t[dt_vc_list style=&#8221;1&#8243; dividers=&#8221;true&#8221;]<\/p>\n<ul>\n<li>Ayuntamiento de Monasterios<\/li>\n<li>Ministerio de Presidencia<\/li>\n<li>Ministerio de Obras P\u00fablicas<\/li>\n<li>Municipio de Praia<\/li>\n<li>Municipio de S\u00e3o Vicente<\/li>\n<\/ul>\n<p>[\/dt_vc_list]\n\t<\/div>\n\n\t<div id=\"tab-1382274896618-4-10\" class=\"wpb_tab ui-tabs-panel wpb_ui-tabs-hide vc_clearfix\">\n\t\t[dt_vc_list style=&#8221;1&#8243; dividers=&#8221;true&#8221;]<\/p>\n<ul>\n<li>Ministerio de Comercio<\/li>\n<li>Ministerio de Planificaci\u00f3n y Coordinaci\u00f3n  Econ\u00f3mica<\/li>\n<\/ul>\n<p>[\/dt_vc_list]\n\t<\/div>\n\n\t\t<\/div>\n\t<\/div>\n<\/div><\/div><\/div>\n","protected":false},"excerpt":{"rendered":"Nacionales [dt_gap height=\"10\"] AyuntamientosAsociaciones de MunicipiosOtros [dt_vc_list style=\"1\" dividers=\"true\"] Abrantes Alc\u00e1cer do Sal Alcanena Alcochete Alenquer Aljustrel Almada Alpiar\u00e7a Alvito Amadora Arronches Barrancos Barreiro Benavente Calheta Campo Maior Cartaxo Castelo de Vide Chamusca Const\u00e2ncia Crato Cuba Entroncamento Ferreira do Z\u00eazere Gavi\u00e3 [\/dt_vc_list][dt_vc_list style=\"1\" dividers=\"true\"] Goleg\u00e3 Gr\u00e2ndola Horta Lajes do Pico Lagoa Lagos Leiria Lisboa Loures &hellip; <a href=\"http:\/\/intersismet.pt\/es\/clientees\/\" class=\"more-link\">Continue reading <span class=\"screen-reader-text\">Clientes<\/span><\/a>","protected":false},"author":1,"featured_media":0,"parent":0,"menu_order":0,"comment_status":"closed","ping_status":"open","template":"","meta":{"footnotes":""},"_links":{"self":[{"href":"http:\/\/intersismet.pt\/es\/wp-json\/wp\/v2\/pages\/13441"}],"collection":[{"href":"http:\/\/intersismet.pt\/es\/wp-json\/wp\/v2\/pages"}],"about":[{"href":"http:\/\/intersismet.pt\/es\/wp-json\/wp\/v2\/types\/page"}],"author":[{"embeddable":true,"href":"http:\/\/intersismet.pt\/es\/wp-json\/wp\/v2\/users\/1"}],"replies":[{"embeddable":true,"href":"http:\/\/intersismet.pt\/es\/wp-json\/wp\/v2\/comments?post=13441"}],"version-history":[{"count":1,"href":"http:\/\/intersismet.pt\/es\/wp-json\/wp\/v2\/pages\/13441\/revisions"}],"predecessor-version":[{"id":15618,"href":"http:\/\/intersismet.pt\/es\/wp-json\/wp\/v2\/pages\/13441\/revisions\/15618"}],"wp:attachment":[{"href":"http:\/\/intersismet.pt\/es\/wp-json\/wp\/v2\/media?parent=13441"}],"curies":[{"name":"wp","href":"https:\/\/api.w.org\/{rel}","templated":true}]}}