{"id":13456,"date":"2013-10-01T09:57:53","date_gmt":"2013-10-01T09:57:53","guid":{"rendered":"http:\/\/intersismet.com\/equipa-2\/"},"modified":"2015-04-07T15:48:57","modified_gmt":"2015-04-07T15:48:57","slug":"equipo","status":"publish","type":"page","link":"http:\/\/intersismet.pt\/es\/equipo\/","title":{"rendered":"Equipo"},"content":{"rendered":"<div class=\"vc_row wpb_row vc_row-fluid\"><div class=\"wpb_column vc_column_container vc_col-sm-12\"><div class=\"wpb_wrapper\">\n\t<div class=\"wpb_text_column wpb_content_element \">\n\t\t<div class=\"wpb_wrapper\">\n\t\t\t<p align=\"justify\">Nuestro equipo est\u00e1 constituido por un n\u00facleo permanente de t\u00e9cnicos cualificados, consultores especialistas y consultores puntuales que integran los diferentes proyectos desarrollados en virtud de sus especificidades.<\/p>\n<p>Poseemos, por lo tanto, un equipo profesional, multidisciplinario, activo y eficaz, con fuerte motivaci\u00f3n para mejorar sistem\u00e1ticamente nuestros servicios con soluciones inteligentes, innovadoras y competitivas que merezcan la total confianza de nuestros Clientes.<\/p>\n\n\t\t<\/div>\n\t<\/div>\n[dt_gap height=&#8221;20&#8243;][dt_gap height=&#8221;15&#8243;]<\/div><\/div><\/div><div class=\"vc_row wpb_row vc_row-fluid\"><div class=\"wpb_column vc_column_container vc_col-sm-8\"><div class=\"wpb_wrapper\">\n\t<div class=\"wpb_single_image wpb_content_element vc_align_left  wpb_animate_when_almost_visible wpb_left-to-right\">\n\t\t\n\t\t<figure class=\"wpb_wrapper vc_figure\">\n\t\t\t<div class=\"vc_single_image-wrapper   vc_box_border_grey\"><img loading=\"lazy\" decoding=\"async\" class=\"vc_single_image-img \" src=\"http:\/\/intersismet.com\/wp-content\/uploads\/2013\/10\/foto_equipa2.jpg\" width=\"580\" height=\"327\" alt=\"foto_equipa\" title=\"foto_equipa\" \/><\/div>\n\t\t<\/figure>\n\t<\/div>\n<\/div><\/div><div class=\"wpb_column vc_column_container vc_col-sm-4\"><div class=\"wpb_wrapper\">\n\t<div class=\"wpb_accordion wpb_content_element  not-column-inherit\" data-collapsible=\"\" data-vc-disable-keydown=\"false\" data-active-tab=\"1\">\n\t\t<div class=\"wpb_wrapper wpb_accordion_wrapper ui-accordion\">\n\n\n\t<div class=\"wpb_accordion_section group\">\n\t\t<h3 class=\"wpb_accordion_header ui-accordion-header\"><a href=\"#alfredo-moura\">Alfredo Moura<\/a><\/h3>\n\t\t<div class=\"wpb_accordion_content ui-accordion-content vc_clearfix\">\n\t\t\t\n\t<div class=\"wpb_text_column wpb_content_element \">\n\t\t<div class=\"wpb_wrapper\">\n\t\t\t<p style=\"text-align: left;\">Presidente del Consejo de Administraci\u00f3n<\/p>\n<h6 style=\"text-align: left;\"><a title=\"Alfredo Moura\" href=\".\/alfredo-moura\/\">Ver detalle<\/a><\/h6>\n\n\t\t<\/div>\n\t<\/div>\n\n\t\t<\/div>\n\t<\/div>\n\n\t<div class=\"wpb_accordion_section group\">\n\t\t<h3 class=\"wpb_accordion_header ui-accordion-header\"><a href=\"#antonio-gaspar\">Ant\u00f3nio Gaspar<\/a><\/h3>\n\t\t<div class=\"wpb_accordion_content ui-accordion-content vc_clearfix\">\n\t\t\t\n\t<div class=\"wpb_text_column wpb_content_element \">\n\t\t<div class=\"wpb_wrapper\">\n\t\t\t<p style=\"text-align: left;\">CEO Instersismet Consulting, SA<\/p>\n<h6 style=\"text-align: left;\"><a title=\"Ant\u00f3nio Gaspar\" href=\".\/antonio-gaspar\/\">Ver detalle<\/a><\/h6>\n\n\t\t<\/div>\n\t<\/div>\n\n\t\t<\/div>\n\t<\/div>\n\n\t<div class=\"wpb_accordion_section group\">\n\t\t<h3 class=\"wpb_accordion_header ui-accordion-header\"><a href=\"#guilherme-dray\">Guilherme Dray<\/a><\/h3>\n\t\t<div class=\"wpb_accordion_content ui-accordion-content vc_clearfix\">\n\t\t\t\n\t<div class=\"wpb_text_column wpb_content_element \">\n\t\t<div class=\"wpb_wrapper\">\n\t\t\t<p style=\"text-align: left;\">Vocal de la Administraci\u00f3n<\/p>\n<h6 style=\"text-align: left;\"><a href=\".\/guilherme-dray\/\">Ver detalle<\/a><\/h6>\n\n\t\t<\/div>\n\t<\/div>\n\n\t\t<\/div>\n\t<\/div>\n\n\t<div class=\"wpb_accordion_section group\">\n\t\t<h3 class=\"wpb_accordion_header ui-accordion-header\"><a href=\"#natalia-ramos\">Nat\u00e1lia Ramos<\/a><\/h3>\n\t\t<div class=\"wpb_accordion_content ui-accordion-content vc_clearfix\">\n\t\t\t\n\t<div class=\"wpb_text_column wpb_content_element \">\n\t\t<div class=\"wpb_wrapper\">\n\t\t\t<p style=\"text-align: left;\">Vocal de la Administraci\u00f3n<\/p>\n<h6 style=\"text-align: left;\"><a href=\".\/natalia-ramos\/\">Ver detalle<\/a><\/h6>\n\n\t\t<\/div>\n\t<\/div>\n\n\t\t<\/div>\n\t<\/div>\n\n\t<div class=\"wpb_accordion_section group\">\n\t\t<h3 class=\"wpb_accordion_header ui-accordion-header\"><a href=\"#tiago-lopes\">Tiago Lopes<\/a><\/h3>\n\t\t<div class=\"wpb_accordion_content ui-accordion-content vc_clearfix\">\n\t\t\t\n\t<div class=\"wpb_text_column wpb_content_element \">\n\t\t<div class=\"wpb_wrapper\">\n\t\t\t<p style=\"text-align: left;\">Vocal de la Administraci\u00f3n<\/p>\n<h6 style=\"text-align: left;\"><a title=\"Tiago Lopes\" href=\".\/tiago-lopes\/\">Ver detalle<\/a><\/h6>\n\n\t\t<\/div>\n\t<\/div>\n\n\t\t<\/div>\n\t<\/div>\n\n\t\t<\/div>\n\t<\/div>\n<\/div><\/div><\/div>\n","protected":false},"excerpt":{"rendered":"Nuestro equipo est\u00e1 constituido por un n\u00facleo permanente de t\u00e9cnicos cualificados, consultores especialistas y consultores puntuales que integran los diferentes proyectos desarrollados en virtud de sus especificidades. Poseemos, por lo tanto, un equipo profesional, multidisciplinario, activo y eficaz, con fuerte motivaci\u00f3n para mejorar sistem\u00e1ticamente nuestros servicios con soluciones inteligentes, innovadoras y competitivas que merezcan la &hellip; <a href=\"http:\/\/intersismet.pt\/es\/equipo\/\" class=\"more-link\">Continue reading <span class=\"screen-reader-text\">Equipo<\/span><\/a>","protected":false},"author":1,"featured_media":0,"parent":0,"menu_order":0,"comment_status":"closed","ping_status":"closed","template":"","meta":{"footnotes":""},"_links":{"self":[{"href":"http:\/\/intersismet.pt\/es\/wp-json\/wp\/v2\/pages\/13456"}],"collection":[{"href":"http:\/\/intersismet.pt\/es\/wp-json\/wp\/v2\/pages"}],"about":[{"href":"http:\/\/intersismet.pt\/es\/wp-json\/wp\/v2\/types\/page"}],"author":[{"embeddable":true,"href":"http:\/\/intersismet.pt\/es\/wp-json\/wp\/v2\/users\/1"}],"replies":[{"embeddable":true,"href":"http:\/\/intersismet.pt\/es\/wp-json\/wp\/v2\/comments?post=13456"}],"version-history":[{"count":0,"href":"http:\/\/intersismet.pt\/es\/wp-json\/wp\/v2\/pages\/13456\/revisions"}],"wp:attachment":[{"href":"http:\/\/intersismet.pt\/es\/wp-json\/wp\/v2\/media?parent=13456"}],"curies":[{"name":"wp","href":"https:\/\/api.w.org\/{rel}","templated":true}]}}