{"id":13464,"date":"2013-10-22T14:28:10","date_gmt":"2013-10-22T14:28:10","guid":{"rendered":"http:\/\/intersismet.com\/equipo\/alfredo-moura\/"},"modified":"2015-04-06T16:49:21","modified_gmt":"2015-04-06T16:49:21","slug":"alfredo-moura","status":"publish","type":"page","link":"http:\/\/intersismet.pt\/es\/equipo\/alfredo-moura\/","title":{"rendered":"Alfredo Moura"},"content":{"rendered":"<div class=\"vc_row wpb_row vc_row-fluid\"><div class=\"wpb_column vc_column_container vc_col-sm-4\"><div class=\"wpb_wrapper\">\n\t<div class=\"wpb_single_image wpb_content_element vc_align_left  wpb_animate_when_almost_visible wpb_left-to-right\">\n\t\t\n\t\t<figure class=\"wpb_wrapper vc_figure\">\n\t\t\t<div class=\"vc_single_image-wrapper   vc_box_border_grey\"><img loading=\"lazy\" decoding=\"async\" class=\"vc_single_image-img \" src=\"http:\/\/intersismet.com\/wp-content\/uploads\/2013\/10\/equipa_alfredomoura.jpg\" width=\"270\" height=\"200\" alt=\"equipa_alfredomoura\" title=\"equipa_alfredomoura\" \/><\/div>\n\t\t<\/figure>\n\t<\/div>\n[dt_quote type=&#8221;blockquote&#8221; font_size=&#8221;normal&#8221; background=&#8221;plain&#8221; animation=&#8221;none&#8221;]Los listos aprenden con los propios errores. Los sabios con los errores de los otros.<\/p>\n<h6>(an\u00f3nimo)<\/h6>\n<p>[\/dt_quote]<div class=\"vc_separator wpb_content_element vc_separator_align_center vc_sep_width_100 vc_sep_pos_align_center vc_separator_no_text vc_sep_color_grey\"><span\n\tclass=\"vc_sep_holder vc_sep_holder_l\"><span  class=\"vc_sep_line\"><\/span><\/span><span\n\tclass=\"vc_sep_holder vc_sep_holder_r\"><span  class=\"vc_sep_line\"><\/span><\/span>\n<\/div>\n\t<div class=\"wpb_text_column wpb_content_element \">\n\t\t<div class=\"wpb_wrapper\">\n\t\t\t<p><strong>Estudios realizados<br \/>\n<\/strong><\/p>\n<ul>\n<li>Diplomatura en Contabilidad<\/li>\n<li>Licenciatura en Ciencias Militares<\/li>\n<li>Curso de Instructor de Educaci\u00f3n F\u00edsica en el CMEFED<\/li>\n<li>Curso de Programaci\u00f3n y An\u00e1lisis de Sistemas de la IBM<\/li>\n<li>Curso de Planning, Programming and Budget Systems del Ej\u00e9rcito del EUA<\/li>\n<li>Curso Superior de Management (INII)- Ministerio de Industria<\/li>\n<li>Realizaci\u00f3n del ISEF (Instituto Superior de Educaci\u00f3n F\u00edsica)<\/li>\n<\/ul>\n\n\t\t<\/div>\n\t<\/div>\n<\/div><\/div><div class=\"wpb_column vc_column_container vc_col-sm-8\"><div class=\"wpb_wrapper\">\n\t<div class=\"wpb_text_column wpb_content_element \">\n\t\t<div class=\"wpb_wrapper\">\n\t\t\t<p>Teniente Coronel del Ej\u00e9rcito jubilado<\/p>\n<p><strong>Experiencia:<\/strong><\/p>\n<ul>\n<li>Misiones como oficial de Administraci\u00f3n Militar en Angola y Timor, como jefe de la contabilidad de unidades militares y Subdirector del Dep\u00f3sito Base de Intendencia en Angola<\/li>\n<li>Direcci\u00f3n del Gabinete de Estudios y Gesti\u00f3n de la Direcci\u00f3n Financiera del Ej\u00e9rcito<\/li>\n<li>Jefe del Gabinete de Gesti\u00f3n Conjunta de los Establecimientos Fabriles del Ej\u00e9rcito<\/li>\n<li>Ministro de la Administraci\u00f3n Interna<\/li>\n<li>Direcci\u00f3n financiera de empresas en Portugal<\/li>\n<li>Presidente del CA de SACMA en Angola (f\u00e1brica de autobuses)<\/li>\n<li>Director General de EMPA (Empresa P\u00fablica de Abastecimiento), Cabo Verde<\/li>\n<li>S\u00e9nior Adviser L5 del PNUD, jefe del proyecto de asistencia t\u00e9cnica al Ministerio del Planificaci\u00f3n y Desarrollo Econ\u00f3mico en Guinea Bissau.<\/li>\n<li>Consultor del Banco Mundial como consejero del Ministro del Planificaci\u00f3n y Desarrollo Econ\u00f3mico de Guinea Bissau<\/li>\n<li>Director General de los Almacenes del Pueblo (Empresa P\u00fablica de Abastecimiento) en Guinea Bissau, como consultor de la CEE<\/li>\n<li>Director General y Administrador de SISMET, SA<\/li>\n<li>Presidente del CA de INTERSISMET, SA desde 1996<\/li>\n<li>Presidente del CA de INTERSISMET Consulting, SA desde 2011<\/li>\n<\/ul>\n\n\t\t<\/div>\n\t<\/div>\n<\/div><\/div><\/div>\n","protected":false},"excerpt":{"rendered":"[dt_quote type=\"blockquote\" font_size=\"normal\" background=\"plain\" animation=\"none\"]Los listos aprenden con los propios errores. Los sabios con los errores de los otros. (an\u00f3nimo) [\/dt_quote] Estudios realizados Diplomatura en Contabilidad Licenciatura en Ciencias Militares Curso de Instructor de Educaci\u00f3n F\u00edsica en el CMEFED Curso de Programaci\u00f3n y An\u00e1lisis de Sistemas de la IBM Curso de Planning, Programming and Budget &hellip; <a href=\"http:\/\/intersismet.pt\/es\/equipo\/alfredo-moura\/\" class=\"more-link\">Continue reading <span class=\"screen-reader-text\">Alfredo Moura<\/span><\/a>","protected":false},"author":1,"featured_media":0,"parent":13456,"menu_order":0,"comment_status":"closed","ping_status":"closed","template":"","meta":{"footnotes":""},"_links":{"self":[{"href":"http:\/\/intersismet.pt\/es\/wp-json\/wp\/v2\/pages\/13464"}],"collection":[{"href":"http:\/\/intersismet.pt\/es\/wp-json\/wp\/v2\/pages"}],"about":[{"href":"http:\/\/intersismet.pt\/es\/wp-json\/wp\/v2\/types\/page"}],"author":[{"embeddable":true,"href":"http:\/\/intersismet.pt\/es\/wp-json\/wp\/v2\/users\/1"}],"replies":[{"embeddable":true,"href":"http:\/\/intersismet.pt\/es\/wp-json\/wp\/v2\/comments?post=13464"}],"version-history":[{"count":0,"href":"http:\/\/intersismet.pt\/es\/wp-json\/wp\/v2\/pages\/13464\/revisions"}],"up":[{"embeddable":true,"href":"http:\/\/intersismet.pt\/es\/wp-json\/wp\/v2\/pages\/13456"}],"wp:attachment":[{"href":"http:\/\/intersismet.pt\/es\/wp-json\/wp\/v2\/media?parent=13464"}],"curies":[{"name":"wp","href":"https:\/\/api.w.org\/{rel}","templated":true}]}}