{"id":13470,"date":"2013-10-12T14:40:28","date_gmt":"2013-10-12T14:40:28","guid":{"rendered":"http:\/\/intersismet.com\/equipo\/antonio-gaspar\/"},"modified":"2015-04-02T12:03:49","modified_gmt":"2015-04-02T12:03:49","slug":"antonio-gaspar","status":"publish","type":"page","link":"http:\/\/intersismet.pt\/es\/equipo\/antonio-gaspar\/","title":{"rendered":"Ant\u00f3nio Gaspar"},"content":{"rendered":"<div class=\"vc_row wpb_row vc_row-fluid\"><div class=\"wpb_column vc_column_container vc_col-sm-4\"><div class=\"wpb_wrapper\">\n\t<div class=\"wpb_single_image wpb_content_element vc_align_left  wpb_animate_when_almost_visible wpb_left-to-right\">\n\t\t\n\t\t<figure class=\"wpb_wrapper vc_figure\">\n\t\t\t<div class=\"vc_single_image-wrapper   vc_box_border_grey\"><img loading=\"lazy\" decoding=\"async\" class=\"vc_single_image-img \" src=\"http:\/\/intersismet.com\/wp-content\/uploads\/2013\/10\/equipa_antoniogaspar3.jpg\" width=\"270\" height=\"200\" alt=\"equipa_antoniogaspar\" title=\"equipa_antoniogaspar\" \/><\/div>\n\t\t<\/figure>\n\t<\/div>\n[dt_quote type=&#8221;blockquote&#8221; font_size=&#8221;normal&#8221; background=&#8221;plain&#8221; animation=&#8221;none&#8221;]Cuanto m\u00e1s trabajo, m\u00e1s suerte tengo.<br \/>\nTiger Woods[\/dt_quote]<div class=\"vc_separator wpb_content_element vc_separator_align_center vc_sep_width_100 vc_sep_pos_align_center vc_separator_no_text vc_sep_color_grey\"><span\n\tclass=\"vc_sep_holder vc_sep_holder_l\"><span  class=\"vc_sep_line\"><\/span><\/span><span\n\tclass=\"vc_sep_holder vc_sep_holder_r\"><span  class=\"vc_sep_line\"><\/span><\/span>\n<\/div>\n\t<div class=\"wpb_text_column wpb_content_element \">\n\t\t<div class=\"wpb_wrapper\">\n\t\t\t<p><strong>Estudios realizados<br \/>\n<\/strong>Licenciatura en Organizaci\u00f3n y Gesti\u00f3n de Empresas por el Instituto Superior de Econom\u00eda;.<\/p>\n\n\t\t<\/div>\n\t<\/div>\n<\/div><\/div><div class=\"wpb_column vc_column_container vc_col-sm-8\"><div class=\"wpb_wrapper\">\n\t<div class=\"wpb_text_column wpb_content_element \">\n\t\t<div class=\"wpb_wrapper\">\n\t\t\t<p>Responsable de INTERSISMET Consulting en Angola, con una experiencia de m\u00e1s de 33 a\u00f1os en gesti\u00f3n de empresas en diversos sectores y en diferentes pa\u00edses.<\/p>\n\n\t\t<\/div>\n\t<\/div>\n[dt_gap height=&#8221;20&#8243;]\n\t<div class=\"wpb_text_column wpb_content_element \">\n\t\t<div class=\"wpb_wrapper\">\n\t\t\t<p><strong>Experiencia:<\/strong><\/p>\n<ul>\n<li>Asistente Invitado en el Instituto Superior de Econom\u00eda y Gesti\u00f3n de 1980 a 1986;<\/li>\n<li>Director de los Servicios Financieros en Telecom Portugal de 1989 a 1996;<\/li>\n<li>Vocal de la Administraci\u00f3n de Compta, SA entre 1991 y 1993;<\/li>\n<li>Administrador Delegado en Guin\u00e9 Telecom (Guinea Bissau) de 1997 a 1998 (Grupo Portugal Telecom);<\/li>\n<li>CEO en Mascom Wireless (Botsuana) de 1998 a 2000 (Grupo Portugal Telecom);<\/li>\n<li>Vocal de la Administraci\u00f3n y miembro de la Comisi\u00f3n Ejecutiva en PT Prime, Solu\u00e7\u00f5es Empresariais, SA (Grupo Portugal Telecom)<\/li>\n<li>Vocal de la Administraci\u00f3n y miembro de la Comisi\u00f3n Ejecutiva de PT Prime, SGPS entre 2000 y 2002 (Grupo Portugal Telecom);<\/li>\n<li>Vocal de la Administraci\u00f3n de Tradecom, SA entre 2000 y 2002 (Grupo Portugal Telecom);<\/li>\n<li>Vocal de la Administraci\u00f3n de Megamedia, SA entre 2001 y 2002 (Grupo Portugal Telecom);<\/li>\n<li>Presidente Ejecutivo en Primesys (S. Paulo-Brasil) entre 2002 y 2004 (Grupo Portugal Telecom);<\/li>\n<li>Director General Adjunto y Vocal del Consejo de Administraci\u00f3n en Meditel (Marruecos) en 2005 (Grupo Portugal Telecom);<\/li>\n<li>Director General en Soconinfa, Constru\u00e7\u00e3o Civil e Obras P\u00fablicas (Angola) desde 2007;<\/li>\n<li>Vocal de la Administraci\u00f3n en INTERSISMET, SA desde 2010;<\/li>\n<li>Presidente de la Comisi\u00f3n Ejecutiva y Miembro del Consejo de Administraci\u00f3n de INTERSISMET Consulting desde 2011;<\/li>\n<\/ul>\n\n\t\t<\/div>\n\t<\/div>\n<\/div><\/div><\/div>\n","protected":false},"excerpt":{"rendered":"[dt_quote type=\"blockquote\" font_size=\"normal\" background=\"plain\" animation=\"none\"]Cuanto m\u00e1s trabajo, m\u00e1s suerte tengo. Tiger Woods[\/dt_quote] Estudios realizados Licenciatura en Organizaci\u00f3n y Gesti\u00f3n de Empresas por el Instituto Superior de Econom\u00eda;. Responsable de INTERSISMET Consulting en Angola, con una experiencia de m\u00e1s de 33 a\u00f1os en gesti\u00f3n de empresas en diversos sectores y en diferentes pa\u00edses. [dt_gap height=\"20\"] Experiencia: &hellip; <a href=\"http:\/\/intersismet.pt\/es\/equipo\/antonio-gaspar\/\" class=\"more-link\">Continue reading <span class=\"screen-reader-text\">Ant\u00f3nio Gaspar<\/span><\/a>","protected":false},"author":1,"featured_media":0,"parent":13456,"menu_order":0,"comment_status":"closed","ping_status":"open","template":"","meta":{"footnotes":""},"_links":{"self":[{"href":"http:\/\/intersismet.pt\/es\/wp-json\/wp\/v2\/pages\/13470"}],"collection":[{"href":"http:\/\/intersismet.pt\/es\/wp-json\/wp\/v2\/pages"}],"about":[{"href":"http:\/\/intersismet.pt\/es\/wp-json\/wp\/v2\/types\/page"}],"author":[{"embeddable":true,"href":"http:\/\/intersismet.pt\/es\/wp-json\/wp\/v2\/users\/1"}],"replies":[{"embeddable":true,"href":"http:\/\/intersismet.pt\/es\/wp-json\/wp\/v2\/comments?post=13470"}],"version-history":[{"count":0,"href":"http:\/\/intersismet.pt\/es\/wp-json\/wp\/v2\/pages\/13470\/revisions"}],"up":[{"embeddable":true,"href":"http:\/\/intersismet.pt\/es\/wp-json\/wp\/v2\/pages\/13456"}],"wp:attachment":[{"href":"http:\/\/intersismet.pt\/es\/wp-json\/wp\/v2\/media?parent=13470"}],"curies":[{"name":"wp","href":"https:\/\/api.w.org\/{rel}","templated":true}]}}