{"id":13488,"date":"2013-10-22T14:34:07","date_gmt":"2013-10-22T14:34:07","guid":{"rendered":"http:\/\/intersismet.com\/equipo\/tiago-lopes\/"},"modified":"2015-04-06T07:53:01","modified_gmt":"2015-04-06T07:53:01","slug":"tiago-lopes","status":"publish","type":"page","link":"http:\/\/intersismet.pt\/es\/equipo\/tiago-lopes\/","title":{"rendered":"Tiago Lopes"},"content":{"rendered":"<div class=\"vc_row wpb_row vc_row-fluid\"><div class=\"wpb_column vc_column_container vc_col-sm-4\"><div class=\"wpb_wrapper\">\n\t<div class=\"wpb_single_image wpb_content_element vc_align_left  wpb_animate_when_almost_visible wpb_left-to-right\">\n\t\t\n\t\t<figure class=\"wpb_wrapper vc_figure\">\n\t\t\t<div class=\"vc_single_image-wrapper   vc_box_border_grey\"><img loading=\"lazy\" decoding=\"async\" class=\"vc_single_image-img \" src=\"http:\/\/intersismet.com\/wp-content\/uploads\/2013\/10\/equipa_tiagolopes.jpg\" width=\"270\" height=\"200\" alt=\"equipa_tiagolopes\" title=\"equipa_tiagolopes\" \/><\/div>\n\t\t<\/figure>\n\t<\/div>\n<div class=\"vc_separator wpb_content_element vc_separator_align_center vc_sep_width_100 vc_sep_pos_align_center vc_separator_no_text vc_sep_color_grey\"><span\n\tclass=\"vc_sep_holder vc_sep_holder_l\"><span  class=\"vc_sep_line\"><\/span><\/span><span\n\tclass=\"vc_sep_holder vc_sep_holder_r\"><span  class=\"vc_sep_line\"><\/span><\/span>\n<\/div>[dt_quote type=&#8221;blockquote&#8221; font_size=&#8221;normal&#8221; background=&#8221;plain&#8221; animation=&#8221;none&#8221;]Everything is Alright!<\/p>\n<h6>Harry Palmer<\/h6>\n<p>[\/dt_quote]\n\t<div class=\"wpb_text_column wpb_content_element \">\n\t\t<div class=\"wpb_wrapper\">\n\t\t\t<p><strong>Estudios realizados<\/strong><\/p>\n<ul>\n<li>Licenciatura en Organizaci\u00f3n y Gesti\u00f3n de Empresas por el Instituto Superior de las Ciencias del Trabajo y de la Empresa (ISCTE);<\/li>\n<li>Curso de formaci\u00f3n para formadores en la Compa\u00f1\u00eda Nacional de Servicios (CNS)<\/li>\n<\/ul>\n\n\t\t<\/div>\n\t<\/div>\n<\/div><\/div><div class=\"wpb_column vc_column_container vc_col-sm-8\"><div class=\"wpb_wrapper\">\n\t<div class=\"wpb_text_column wpb_content_element \">\n\t\t<div class=\"wpb_wrapper\">\n\t\t\t<p><strong>Responsable del \u00e1rea comercial de INTERSISMET Consulting<\/strong> y con experiencia ininterrumpida de 7 a\u00f1os de trabajo en Angola.<\/p>\n<p><strong>Experiencia:<\/strong><\/p>\n<ul>\n<li>Consultor de empresas en la elaboraci\u00f3n de Proyectos de Inversi\u00f3n;<\/li>\n<li>Gestor Comercial en BANIF (Banco Internacional de Funchal) de 2002 a 2004;<\/li>\n<li>Gestor de Negocios para Peque\u00f1as y Medias Empresas en el BES (Banco Espirito Santo) de 2004 a 2005;<\/li>\n<li>Consultor en INTERSISMET, SA desde 2005;<\/li>\n<li>Responsable de las \u00e1reas Financiera, Administrativa y Log\u00edstica en INTERSISMET Sucursal de Angola desde 2007 a 2009;<\/li>\n<li>Director Comercial de INTERSISMET Sucursal de Angola de 2009 a 2011.<\/li>\n<li>Administrador de INTERSISMET Consulting desde 2011.<\/li>\n<\/ul>\n\n\t\t<\/div>\n\t<\/div>\n<\/div><\/div><\/div>\n","protected":false},"excerpt":{"rendered":"[dt_quote type=\"blockquote\" font_size=\"normal\" background=\"plain\" animation=\"none\"]Everything is Alright! Harry Palmer [\/dt_quote] Estudios realizados Licenciatura en Organizaci\u00f3n y Gesti\u00f3n de Empresas por el Instituto Superior de las Ciencias del Trabajo y de la Empresa (ISCTE); Curso de formaci\u00f3n para formadores en la Compa\u00f1\u00eda Nacional de Servicios (CNS) Responsable del \u00e1rea comercial de INTERSISMET Consulting y con experiencia &hellip; <a href=\"http:\/\/intersismet.pt\/es\/equipo\/tiago-lopes\/\" class=\"more-link\">Continue reading <span class=\"screen-reader-text\">Tiago Lopes<\/span><\/a>","protected":false},"author":1,"featured_media":0,"parent":13456,"menu_order":0,"comment_status":"closed","ping_status":"open","template":"","meta":{"footnotes":""},"_links":{"self":[{"href":"http:\/\/intersismet.pt\/es\/wp-json\/wp\/v2\/pages\/13488"}],"collection":[{"href":"http:\/\/intersismet.pt\/es\/wp-json\/wp\/v2\/pages"}],"about":[{"href":"http:\/\/intersismet.pt\/es\/wp-json\/wp\/v2\/types\/page"}],"author":[{"embeddable":true,"href":"http:\/\/intersismet.pt\/es\/wp-json\/wp\/v2\/users\/1"}],"replies":[{"embeddable":true,"href":"http:\/\/intersismet.pt\/es\/wp-json\/wp\/v2\/comments?post=13488"}],"version-history":[{"count":0,"href":"http:\/\/intersismet.pt\/es\/wp-json\/wp\/v2\/pages\/13488\/revisions"}],"up":[{"embeddable":true,"href":"http:\/\/intersismet.pt\/es\/wp-json\/wp\/v2\/pages\/13456"}],"wp:attachment":[{"href":"http:\/\/intersismet.pt\/es\/wp-json\/wp\/v2\/media?parent=13488"}],"curies":[{"name":"wp","href":"https:\/\/api.w.org\/{rel}","templated":true}]}}