{"id":13519,"date":"2013-10-01T10:12:14","date_gmt":"2013-10-01T10:12:14","guid":{"rendered":"http:\/\/intersismet.com\/parcerias-2\/"},"modified":"2015-04-06T08:35:05","modified_gmt":"2015-04-06T08:35:05","slug":"asociaciones","status":"publish","type":"page","link":"http:\/\/intersismet.pt\/es\/asociaciones\/","title":{"rendered":"Asociaciones"},"content":{"rendered":"<div class=\"vc_row wpb_row vc_row-fluid\"><div class=\"wpb_column vc_column_container vc_col-sm-6\"><div class=\"wpb_wrapper\">\n\t<div class=\"wpb_text_column wpb_content_element \">\n\t\t<div class=\"wpb_wrapper\">\n\t\t\t<p><a href=\"http:\/\/www.planisa.com.br\/\" target=\"_blank\"><img loading=\"lazy\" decoding=\"async\" class=\"alignleft size-full wp-image-13870\" src=\"http:\/\/intersismet.com\/wp-content\/uploads\/2013\/10\/planisa.jpg\" alt=\"planisa\" width=\"170\" height=\"124\" \/><\/a><strong>Planisa<\/strong><a href=\"http:\/\/www.planisa.com.br\/\"><br \/>\n<\/a>Consultoria na \u00c1rea da Sa\u00fade<\/p>\n\n\t\t<\/div>\n\t<\/div>\n[dt_gap height=&#8221;10&#8243;][dt_divider style=&#8221;thin&#8221;][dt_gap height=&#8221;10&#8243;]\n\t<div class=\"wpb_text_column wpb_content_element \">\n\t\t<div class=\"wpb_wrapper\">\n\t\t\t<p><a href=\"http:\/\/www.mobbit.pt\/\" target=\"_blank\"><img loading=\"lazy\" decoding=\"async\" class=\"alignleft size-full wp-image-13872\" src=\"http:\/\/intersismet.com\/wp-content\/uploads\/2013\/10\/mobbit.jpg\" alt=\"mobbit\" width=\"170\" height=\"124\" \/><\/a><strong>Mobbit Systems<a href=\"http:\/\/www.planisa.com.br\/\"><br \/>\n<\/a><\/strong>Tecnologias Audiovisuais<\/p>\n\n\t\t<\/div>\n\t<\/div>\n[dt_gap height=&#8221;10&#8243;][dt_divider style=&#8221;thin&#8221;][dt_gap height=&#8221;10&#8243;]\n\t<div class=\"wpb_text_column wpb_content_element \">\n\t\t<div class=\"wpb_wrapper\">\n\t\t\t<p><a href=\"http:\/\/www.quaternaire.pt\/\" target=\"_blank\"><img loading=\"lazy\" decoding=\"async\" class=\"alignleft size-full wp-image-13873\" src=\"http:\/\/intersismet.com\/wp-content\/uploads\/2013\/10\/quarternaire.jpg\" alt=\"quarternaire\" width=\"170\" height=\"124\" \/><\/a><strong>Quaternaire<a href=\"http:\/\/www.planisa.com.br\/\"><br \/>\n<\/a><\/strong>Planeamento<\/p>\n\n\t\t<\/div>\n\t<\/div>\n[dt_gap height=&#8221;10&#8243;][dt_divider style=&#8221;thin&#8221;][dt_gap height=&#8221;10&#8243;]\n\t<div class=\"wpb_text_column wpb_content_element \">\n\t\t<div class=\"wpb_wrapper\">\n\t\t\t<p><a href=\"http:\/\/www.nameit.pt\/\" target=\"_blank\"><img decoding=\"async\" class=\"alignleft size-full wp-image-13873\" src=\"http:\/\/intersismet.com\/wp-content\/uploads\/2014\/02\/NameIT.jpg\" alt=\"NameIT\" \/><\/a><strong>NameIT<a href=\"http:\/\/www.nameit.pt\/\"><br \/>\n<\/a><\/strong>Consultoria IT e<br \/>\nPrograma\u00e7\u00e3o Inform\u00e1tica<\/p>\n\n\t\t<\/div>\n\t<\/div>\n<\/div><\/div><div class=\"wpb_column vc_column_container vc_col-sm-6\"><div class=\"wpb_wrapper\">\n\t<div class=\"wpb_text_column wpb_content_element \">\n\t\t<div class=\"wpb_wrapper\">\n\t\t\t<p><a href=\"http:\/\/www.pengest.pt\/\" target=\"_blank\"><img loading=\"lazy\" decoding=\"async\" class=\"alignleft size-full wp-image-13868\" src=\"http:\/\/intersismet.com\/wp-content\/uploads\/2013\/10\/pengest.jpg\" alt=\"pengest\" width=\"170\" height=\"124\" \/><\/a><strong>Pengest<a href=\"http:\/\/www.planisa.com.br\/\"><br \/>\n<\/a><\/strong>Fiscaliza\u00e7\u00e3o de Obras<\/p>\n\n\t\t<\/div>\n\t<\/div>\n[dt_gap height=&#8221;10&#8243;][dt_divider style=&#8221;thin&#8221;][dt_gap height=&#8221;10&#8243;]\n\t<div class=\"wpb_text_column wpb_content_element \">\n\t\t<div class=\"wpb_wrapper\">\n\t\t\t<p><a href=\"http:\/\/www.medidata.pt\/\" target=\"_blank\"><img loading=\"lazy\" decoding=\"async\" class=\"alignleft size-full wp-image-13874\" src=\"http:\/\/intersismet.com\/wp-content\/uploads\/2013\/10\/medidata.jpg\" alt=\"medidata\" width=\"170\" height=\"124\" \/><\/a><strong>Medidata<a href=\"http:\/\/www.planisa.com.br\/\"><br \/>\n<\/a><\/strong>Sistema Integrado de Gest\u00e3o para Administra\u00e7\u00e3o P\u00fablica (SIGMA)<\/p>\n\n\t\t<\/div>\n\t<\/div>\n[dt_gap height=&#8221;10&#8243;][dt_divider style=&#8221;thin&#8221;][dt_gap height=&#8221;10&#8243;]\n\t<div class=\"wpb_text_column wpb_content_element \">\n\t\t<div class=\"wpb_wrapper\">\n\t\t\t<p><a class=\"alignleft\" href=\"#&quot;\" target=\"_blank\"><iframe loading=\"lazy\" src=\"\/\/player.vimeo.com\/video\/92853651\" width=\"166\" height=\"93\" frameborder=\"0\" allowfullscreen=\"allowfullscreen\"><\/iframe><\/a><strong>SIGMA<\/strong><br \/>\nAngola<\/p>\n\n\t\t<\/div>\n\t<\/div>\n[dt_gap height=&#8221;10&#8243;][dt_divider style=&#8221;thin&#8221;][dt_gap height=&#8221;10&#8243;]\n\t<div class=\"wpb_text_column wpb_content_element \">\n\t\t<div class=\"wpb_wrapper\">\n\t\t\t<p><a href=\"http:\/\/www.at93.pt\" target=\"_blank\"><img loading=\"lazy\" decoding=\"async\" class=\"alignleft size-full wp-image-14037\" src=\"http:\/\/intersismet.com\/wp-content\/uploads\/2013\/10\/at93.jpg\" alt=\"at93\" width=\"170\" height=\"124\" \/><\/a><strong>AT93<a href=\"http:\/\/www.planisa.com.br\/\"><br \/>\n<\/a><\/strong>Projetos de Obras P\u00fablicas e Particulares<\/p>\n\n\t\t<\/div>\n\t<\/div>\n[dt_gap height=&#8221;10&#8243;][dt_divider style=&#8221;thin&#8221;][dt_gap height=&#8221;10&#8243;]\n\t<div class=\"wpb_text_column wpb_content_element \">\n\t\t<div class=\"wpb_wrapper\">\n\t\t\t\n\t\t<\/div>\n\t<\/div>\n<\/div><\/div><\/div>\n","protected":false},"excerpt":{"rendered":"Planisa Consultoria na \u00c1rea da Sa\u00fade [dt_gap height=\"10\"][dt_divider style=\"thin\"][dt_gap height=\"10\"] Mobbit Systems Tecnologias Audiovisuais [dt_gap height=\"10\"][dt_divider style=\"thin\"][dt_gap height=\"10\"] Quaternaire Planeamento [dt_gap height=\"10\"][dt_divider style=\"thin\"][dt_gap height=\"10\"] NameIT Consultoria IT e Programa\u00e7\u00e3o Inform\u00e1tica Pengest Fiscaliza\u00e7\u00e3o de Obras [dt_gap height=\"10\"][dt_divider style=\"thin\"][dt_gap height=\"10\"] Medidata Sistema Integrado de Gest\u00e3o para Administra\u00e7\u00e3o P\u00fablica (SIGMA) [dt_gap height=\"10\"][dt_divider style=\"thin\"][dt_gap height=\"10\"] SIGMA Angola [dt_gap height=\"10\"][dt_divider &hellip; <a href=\"http:\/\/intersismet.pt\/es\/asociaciones\/\" class=\"more-link\">Continue reading <span class=\"screen-reader-text\">Asociaciones<\/span><\/a>","protected":false},"author":1,"featured_media":0,"parent":0,"menu_order":0,"comment_status":"closed","ping_status":"open","template":"","meta":{"footnotes":""},"_links":{"self":[{"href":"http:\/\/intersismet.pt\/es\/wp-json\/wp\/v2\/pages\/13519"}],"collection":[{"href":"http:\/\/intersismet.pt\/es\/wp-json\/wp\/v2\/pages"}],"about":[{"href":"http:\/\/intersismet.pt\/es\/wp-json\/wp\/v2\/types\/page"}],"author":[{"embeddable":true,"href":"http:\/\/intersismet.pt\/es\/wp-json\/wp\/v2\/users\/1"}],"replies":[{"embeddable":true,"href":"http:\/\/intersismet.pt\/es\/wp-json\/wp\/v2\/comments?post=13519"}],"version-history":[{"count":0,"href":"http:\/\/intersismet.pt\/es\/wp-json\/wp\/v2\/pages\/13519\/revisions"}],"wp:attachment":[{"href":"http:\/\/intersismet.pt\/es\/wp-json\/wp\/v2\/media?parent=13519"}],"curies":[{"name":"wp","href":"https:\/\/api.w.org\/{rel}","templated":true}]}}