{"id":13525,"date":"2013-10-01T09:53:29","date_gmt":"2013-10-01T09:53:29","guid":{"rendered":"http:\/\/intersismet.com\/quem-somos-2\/"},"modified":"2019-04-16T14:35:11","modified_gmt":"2019-04-16T14:35:11","slug":"quienes-somos","status":"publish","type":"page","link":"http:\/\/intersismet.pt\/es\/quienes-somos\/","title":{"rendered":"Qui\u00e9nes somos"},"content":{"rendered":"<div class=\"vc_row wpb_row vc_row-fluid\"><div class=\"wpb_column vc_column_container vc_col-sm-12\"><div class=\"wpb_wrapper\">[dt_gap height=&#8221;20&#8243;]\n\t<div class=\"wpb_text_column wpb_content_element \">\n\t\t<div class=\"wpb_wrapper\">\n\t\t\t<p align=\"justify\"><img loading=\"lazy\" decoding=\"async\" class=\"alignleft  wp-image-13108\" alt=\"quemsomos3\" src=\"http:\/\/intersismet.com\/wp-content\/uploads\/2013\/10\/quemsomos3.jpg\" width=\"180\" height=\"190\" \/><\/p>\n<p><strong>INTERSISMET, S.A<\/strong>. \u2013 Sociedade de Gest\u00e3o de Projectos Internacionais, con sede en Portugal, es una  prestigiosa empresa de consultor\u00eda con m\u00e1s de 30 a\u00f1os de experiencia, poseyendo competencias a nivel de la modernizaci\u00f3n administrativa, capacitaci\u00f3n institucional, planificaci\u00f3n, tecnolog\u00edas de informaci\u00f3n y comunicaci\u00f3n, formaci\u00f3n y supervisi\u00f3n de obras.<\/p>\n<p>Su campo de actuaci\u00f3n se centra esencialmente en el mercado de los pa\u00edses de habla portuguesa, disponiendo de una amplia Cartera de trabajos y proyectos realizados en estos pa\u00edses, concretamente en <strong>Portugal, Angola, Brasil, Mozambique, Cabo Verde, Guinea Bissau y S. Tom\u00e9 y Pr\u00edncipe<\/strong>. Paralelamente, realiz\u00f3 trabajos en la <strong>Rep\u00fablica Democr\u00e1tica del Congo, Guatemala, Rep\u00fablica Dominicana, Georgia, Armenia y Ucrania<\/strong>, estando actualmente en fase de penetraci\u00f3n en nuevos mercados, concretamente en Guinea Ecuatorial y Timor Este.<\/p>\n<p>INTERSISMET, S.A., ha participado en diversos proyectos financiados por la <strong>Uni\u00f3n Europea, Banco Mundial, Banco Africano de Desarrollo, UNIDO<\/strong> (Organizaci\u00f3n de las Naciones Unidas para el Desarrollo Industrial) y UNDP (Programa de las Naciones Unidas para el Desarrollo), disponiendo de una amplia experiencia en el desarrollo de pol\u00edticas p\u00fablicas a nivel de la Administraci\u00f3n P\u00fablica central y local y del cuerpo t\u00e9cnico altamente especializado.<\/p>\n<p>Asimismo, INTERSISMET cuenta con importantes colaboraciones con empresas de reconocido m\u00e9rito en varios y diversos sectores de actividad, en Portugal, Angola y en Brasil, concretamente en las \u00e1reas de la planificaci\u00f3n, contabilidad, urbanismo, tecnolog\u00edas de informaci\u00f3n y comunicaci\u00f3n y salud, permiti\u00e9ndole encarar los retos que se le plantean con ambici\u00f3n y sentido de responsabilidad.<\/p>\n\n\t\t<\/div>\n\t<\/div>\n[dt_gap height=&#8221;40&#8243;]<div class=\"vc_separator wpb_content_element vc_separator_align_center vc_sep_width_100 vc_sep_pos_align_center vc_separator_no_text vc_sep_color_grey\"><span\n\tclass=\"vc_sep_holder vc_sep_holder_l\"><span  class=\"vc_sep_line\"><\/span><\/span><span\n\tclass=\"vc_sep_holder vc_sep_holder_r\"><span  class=\"vc_sep_line\"><\/span><\/span>\n<\/div>[dt_divider style=&#8221;thin&#8221;][dt_gap height=&#8221;40&#8243;]\n\t<div class=\"wpb_text_column wpb_content_element \">\n\t\t<div class=\"wpb_wrapper\">\n\t\t\t<p align=\"justify\"><img loading=\"lazy\" decoding=\"async\" class=\"alignleft  wp-image-12925\" alt=\"logo_quemsomos2\" src=\"http:\/\/intersismet.com\/wp-content\/uploads\/2013\/10\/logo_quemsomos2.jpg\" width=\"210\" height=\"115\" \/><\/p>\n<p><strong>INTERSISMET CONSULTING, S.A<\/strong>. es una empresa de confianza angole\u00f1a de consultor\u00eda de organizaci\u00f3n, modernizaci\u00f3n administrativa, planificaci\u00f3n, capacitaci\u00f3n institucional, tecnolog\u00edas de informaci\u00f3n, estudios y proyectos.<\/p>\n<p>Hace varios a\u00f1os que sus competencias y consultores est\u00e1n al servicio de las entidades p\u00fablicas y del desarrollo sostenible de Angola, prestando un trabajo serio, de calidad, orientado a la plena satisfacci\u00f3n del cliente y que ha contribuido, en su medida, al \u00e9xito de las pol\u00edticas p\u00fablicas angole\u00f1as.<\/p>\n<p>Fruto de la amplia experiencia internacional de su plantilla y t\u00e9cnicos y del hist\u00f3rico de \u00e9xito de su empresa madre, INTERSISMET S.A., INTERSISMET CONSULTING SA, goza actualmente de una extensa Cartera de trabajos y proyectos realizados en diversos pa\u00edses, concretamente <strong>Angola, Brasil, Mozambique, Cabo Verde, Guinea Bissau y S. Tom\u00e9 y Pr\u00edncipe<\/strong>. Paralelamente, se han realizado trabajos en la <strong>Rep\u00fablica Democr\u00e1tica del Congo, Guatemala, Rep\u00fablica Dominicana, Georgia, Armenia y Ucrania<\/strong>, estando actualmente en fase de penetraci\u00f3n en nuevos mercados, concretamente en <strong>Guinea Ecuatorial<\/strong> y en <strong>Timor Este<\/strong>.<\/p>\n<p>El equipo, que integra plantilla angole\u00f1a, ofrece una buena preparaci\u00f3n y alta cualificaci\u00f3n, contando tambi\u00e9n la empresa con importantes colaboraciones con empresas de reconocido m\u00e9rito en varios y diversos sectores de actividad, concretamente en Portugal y Brasil, permiti\u00e9ndole afrontar los retos que se plantean con ambici\u00f3n y sentido de responsabilidad.<\/p>\n<p>En Angola, particularmente, la empresa ha colaborado con diversos ministerios, institutos p\u00fablicos, gobiernos provinciales y administraciones municipales, en diversas \u00e1reas y dominios y en todo el territorio nacional. Conoce la realidad local y busca, en cualquier circunstancia, realizar un trabajo de excelencia.<\/p>\n\n\t\t<\/div>\n\t<\/div>\n<\/div><\/div><\/div>\n","protected":false},"excerpt":{"rendered":"[dt_gap height=\"20\"] INTERSISMET, S.A. \u2013 Sociedade de Gest\u00e3o de Projectos Internacionais, con sede en Portugal, es una prestigiosa empresa de consultor\u00eda con m\u00e1s de 30 a\u00f1os de experiencia, poseyendo competencias a nivel de la modernizaci\u00f3n administrativa, capacitaci\u00f3n institucional, planificaci\u00f3n, tecnolog\u00edas de informaci\u00f3n y comunicaci\u00f3n, formaci\u00f3n y supervisi\u00f3n de obras. Su campo de actuaci\u00f3n se centra &hellip; <a href=\"http:\/\/intersismet.pt\/es\/quienes-somos\/\" class=\"more-link\">Continue reading <span class=\"screen-reader-text\">Qui\u00e9nes somos<\/span><\/a>","protected":false},"author":1,"featured_media":0,"parent":0,"menu_order":0,"comment_status":"closed","ping_status":"closed","template":"","meta":{"footnotes":""},"_links":{"self":[{"href":"http:\/\/intersismet.pt\/es\/wp-json\/wp\/v2\/pages\/13525"}],"collection":[{"href":"http:\/\/intersismet.pt\/es\/wp-json\/wp\/v2\/pages"}],"about":[{"href":"http:\/\/intersismet.pt\/es\/wp-json\/wp\/v2\/types\/page"}],"author":[{"embeddable":true,"href":"http:\/\/intersismet.pt\/es\/wp-json\/wp\/v2\/users\/1"}],"replies":[{"embeddable":true,"href":"http:\/\/intersismet.pt\/es\/wp-json\/wp\/v2\/comments?post=13525"}],"version-history":[{"count":1,"href":"http:\/\/intersismet.pt\/es\/wp-json\/wp\/v2\/pages\/13525\/revisions"}],"predecessor-version":[{"id":15562,"href":"http:\/\/intersismet.pt\/es\/wp-json\/wp\/v2\/pages\/13525\/revisions\/15562"}],"wp:attachment":[{"href":"http:\/\/intersismet.pt\/es\/wp-json\/wp\/v2\/media?parent=13525"}],"curies":[{"name":"wp","href":"https:\/\/api.w.org\/{rel}","templated":true}]}}