{"id":14517,"date":"2013-11-21T14:53:18","date_gmt":"2013-11-21T14:53:18","guid":{"rendered":"http:\/\/intersismet.com\/?page_id=14517"},"modified":"2015-04-06T10:29:20","modified_gmt":"2015-04-06T10:29:20","slug":"servicios","status":"publish","type":"page","link":"http:\/\/intersismet.pt\/es\/servicios\/","title":{"rendered":"Servicios"},"content":{"rendered":"<div class=\"vc_row wpb_row vc_row-fluid\"><div class=\"wpb_column vc_column_container vc_col-sm-12\"><div class=\"wpb_wrapper\">[dt_gap height=&#8221;20&#8243;]<\/div><\/div><\/div><div class=\"vc_row wpb_row vc_row-fluid\"><div class=\"wpb_column vc_column_container vc_col-sm-12\"><div class=\"wpb_wrapper\">\n\t<div class=\"wpb_text_column wpb_content_element \">\n\t\t<div class=\"wpb_wrapper\">\n\t\t\t<p style=\"text-align: justify;\">Facilitamos un conjunto de servicios de Consultor\u00eda y Asesor\u00eda, apoyados en una experiencia curricular notable y en el conocimiento de las realidades locales en Portugal, Angola, Brasil, Cabo Verde, Mozambique y Guinea Bissau, entre otras geograf\u00edas.<\/p>\n<p>Como empresa de Consultor\u00eda, abarcamos pr\u00e1cticamente todas las \u00e1reas de la especialidad de la Administraci\u00f3n P\u00fablica Central y Local, contribuyendo de forma consolidada a los procesos nacionales de descentralizaci\u00f3n y de modernizaci\u00f3n administrativa.<\/p>\n<p>A nivel de los servicios de Asesor\u00eda, apoyamos a nuestros clientes en la operacionalizaci\u00f3n de procesos y en el cumplimento de los requisitos legales exigibles en diversos dominios, concretamente, contable, financiero y de recursos humanos.<\/p>\n\n\t\t<\/div>\n\t<\/div>\n[dt_gap height=&#8221;20&#8243;]<\/div><\/div><\/div><div class=\"vc_row wpb_row vc_row-fluid\"><div class=\"wpb_column vc_column_container vc_col-sm-6\"><div class=\"wpb_wrapper\">[dt_banner target_blank=&#8221;false&#8221; bg_color=&#8221;#f4f4f4&#8243; bg_opacity=&#8221;100&#8243; text_color=&#8221;#7b7b7b&#8221; text_size=&#8221;small&#8221; border_width=&#8221;0&#8243; outer_padding=&#8221;0&#8243; inner_padding=&#8221;10&#8243; min_height=&#8221;280&#8243; link=&#8221;http:\/\/intersismet.com\/es\/servicios\/consultoria\/&#8221; type=&#8221;uploaded_image&#8221;]<span style=\"color: #b63127;\"><strong>CONSULTOR\u00cdA<\/strong><\/span><\/p>\n<p>[dt_vc_list style=&#8221;1&#8243; dividers=&#8221;false&#8221;]<\/p>\n<ul>\n<li>Modernizaci\u00f3n Administrativa<\/li>\n<li>Planificaci\u00f3n Estrat\u00e9gica<\/li>\n<li>Capacitaci\u00f3n Institucional<\/li>\n<li>Desarrollo de Competencias<\/li>\n<li>Tecnolog\u00edas de Informaci\u00f3n y Comunicaci\u00f3n (TIC\u2019s)<\/li>\n<li>Estudios y Diagn\u00f3sticos<\/li>\n<li>Evaluaciones y Auditorias<\/li>\n<\/ul>\n<p>[\/dt_vc_list][\/dt_banner][dt_gap height=&#8221;20&#8243;]<\/div><\/div><div class=\"wpb_column vc_column_container vc_col-sm-6\"><div class=\"wpb_wrapper\">[dt_banner target_blank=&#8221;false&#8221; bg_color=&#8221;#f4f4f4&#8243; bg_opacity=&#8221;100&#8243; text_color=&#8221;#7b7b7b&#8221; text_size=&#8221;small&#8221; border_width=&#8221;0&#8243; outer_padding=&#8221;0&#8243; inner_padding=&#8221;10&#8243; min_height=&#8221;280&#8243; link=&#8221;http:\/\/intersismet.com\/es\/servicios\/asesoria\/&#8221; type=&#8221;uploaded_image&#8221;]<span style=\"color: #b63127;\"><strong>ASESOR\u00cdA<\/strong><\/span><\/p>\n<p>[dt_vc_list style=&#8221;1&#8243; dividers=&#8221;false&#8221;]<\/p>\n<ul>\n<li>Asesor\u00eda T\u00e9cnica[\/dt_vc_list]\n<ul>\n<ul>\n<ul>\n<li>Organizaci\u00f3n de Servicios<\/li>\n<li>Contabilidad<\/li>\n<li>Finanzas<\/li>\n<li>Patrimonio<\/li>\n<li>Recursos Humanos<\/li>\n<\/ul>\n<\/ul>\n<\/ul>\n<\/li>\n<\/ul>\n<p>[dt_vc_list style=&#8221;1&#8243; dividers=&#8221;false&#8221;]<\/p>\n<ul>\n<li>Outsourcing<\/li>\n<\/ul>\n<p>[\/dt_vc_list]<\/p>\n<p>[dt_gap height=&#8221;37&#8243; \/][\/dt_banner][dt_gap height=&#8221;20&#8243;]<\/div><\/div><\/div><div class=\"vc_row wpb_row vc_row-fluid\"><div class=\"wpb_column vc_column_container vc_col-sm-8\"><div class=\"wpb_wrapper\"><\/div><\/div><div class=\"wpb_column vc_column_container vc_col-sm-4\"><div class=\"wpb_wrapper\"><\/div><\/div><\/div>\n","protected":false},"excerpt":{"rendered":"[dt_gap height=\"20\"] Facilitamos un conjunto de servicios de Consultor\u00eda y Asesor\u00eda, apoyados en una experiencia curricular notable y en el conocimiento de las realidades locales en Portugal, Angola, Brasil, Cabo Verde, Mozambique y Guinea Bissau, entre otras geograf\u00edas. Como empresa de Consultor\u00eda, abarcamos pr\u00e1cticamente todas las \u00e1reas de la especialidad de la Administraci\u00f3n P\u00fablica Central &hellip; <a href=\"http:\/\/intersismet.pt\/es\/servicios\/\" class=\"more-link\">Continue reading <span class=\"screen-reader-text\">Servicios<\/span><\/a>","protected":false},"author":1,"featured_media":0,"parent":0,"menu_order":0,"comment_status":"closed","ping_status":"closed","template":"","meta":{"footnotes":""},"_links":{"self":[{"href":"http:\/\/intersismet.pt\/es\/wp-json\/wp\/v2\/pages\/14517"}],"collection":[{"href":"http:\/\/intersismet.pt\/es\/wp-json\/wp\/v2\/pages"}],"about":[{"href":"http:\/\/intersismet.pt\/es\/wp-json\/wp\/v2\/types\/page"}],"author":[{"embeddable":true,"href":"http:\/\/intersismet.pt\/es\/wp-json\/wp\/v2\/users\/1"}],"replies":[{"embeddable":true,"href":"http:\/\/intersismet.pt\/es\/wp-json\/wp\/v2\/comments?post=14517"}],"version-history":[{"count":0,"href":"http:\/\/intersismet.pt\/es\/wp-json\/wp\/v2\/pages\/14517\/revisions"}],"wp:attachment":[{"href":"http:\/\/intersismet.pt\/es\/wp-json\/wp\/v2\/media?parent=14517"}],"curies":[{"name":"wp","href":"https:\/\/api.w.org\/{rel}","templated":true}]}}