{"id":14534,"date":"2013-11-21T18:12:17","date_gmt":"2013-11-21T18:12:17","guid":{"rendered":"http:\/\/intersismet.com\/?page_id=14534"},"modified":"2019-04-16T08:10:46","modified_gmt":"2019-04-16T08:10:46","slug":"assessoria","status":"publish","type":"page","link":"http:\/\/intersismet.pt\/es\/servicios\/assessoria\/","title":{"rendered":"Asesor\u00eda"},"content":{"rendered":"<div class=\"vc_row wpb_row vc_row-fluid\"><div class=\"wpb_column vc_column_container vc_col-sm-12\"><div class=\"wpb_wrapper\">\n\t<div class=\"wpb_text_column wpb_content_element \">\n\t\t<div class=\"wpb_wrapper\">\n\t\t\t<p>En el \u00e1mbito de los servicios de Asesor\u00eda, facilitamos nuestros servicios en dos modalidades:<\/p>\n\n\t\t<\/div>\n\t<\/div>\n<\/div><\/div><\/div><div class=\"vc_row wpb_row vc_row-fluid\"><div class=\"wpb_column vc_column_container vc_col-sm-12\"><div class=\"wpb_wrapper\">[dt_gap height=&#8221;10&#8243;]\n\t<div class=\"wpb_text_column wpb_content_element \">\n\t\t<div class=\"wpb_wrapper\">\n\t\t\t\n\t\t<\/div>\n\t<\/div>\n[dt_gap height=&#8221;5&#8243;]\n\t<div class=\"wpb_tour wpb_content_element\" data-interval=\"0\">\n\t\t<div class=\"wpb_wrapper wpb_tour_tabs_wrapper ui-tabs vc_clearfix\">\n\t\t\t<ul class=\"wpb_tabs_nav ui-tabs-nav vc_clearfix\"><li><a href=\"#tab-1384255498-1-49\">Asesor\u00eda T\u00e9cnica<\/a><\/li><li><a href=\"#tab-1384255498-2-15\">Outsourcing<\/a><\/li><\/ul>\n\t<div id=\"tab-1384255498-1-49\" class=\"wpb_tab ui-tabs-panel wpb_ui-tabs-hide vc_clearfix\">\n\t\t[dt_vc_list style=&#8221;1&#8243; dividers=&#8221;false&#8221; bullet_position=&#8221;top&#8221;]Prestamos servicios de Asesor\u00eda T\u00e9cnica a nuestros clientes, apoy\u00e1ndolos en el cumplimento de los requisitos legales e institucionales exigidos, en la operacionalizaci\u00f3n de los procesos y procedimientos definidos, en la preparaci\u00f3n de la respectiva documentaci\u00f3n y mantenimiento de archivos, de acuerdo con lo requerido, en las siguientes \u00e1reas:<\/p>\n<ul>\n<li>Organizaci\u00f3n de Servicios;<\/li>\n<li>Contabilidad;<\/li>\n<li>Finanzas;<\/li>\n<li>Patrimonio;<\/li>\n<li>Recursos Humanos.<\/li>\n<\/ul>\n<p>Nuestros servicios incluyen:<\/p>\n<ul>\n<li>Apoyo t\u00e9cnico a la  organizaci\u00f3n y suministro de servicios a gabinetes especializados;<\/li>\n<li>Apoyo en los procesos de toma de decisi\u00f3n;<\/li>\n<li>Asesor\u00eda cualificada en la elaboraci\u00f3n de estrategias de desarrollo y gesti\u00f3n.<\/li>\n<\/ul>\n<p>Nuestra intervenci\u00f3n consiste en apoyar la realizaci\u00f3n de las actividades de soporte de nuestros clientes, mientras, simult\u00e1neamente, capacitamos on job a los colaboradores que asumir\u00e1n estas responsabilidades en el futuro.[\/dt_vc_list]\n\t<\/div>\n\n\t<div id=\"tab-1384255498-2-15\" class=\"wpb_tab ui-tabs-panel wpb_ui-tabs-hide vc_clearfix\">\n\t\t[dt_vc_list style=&#8221;1&#8243; dividers=&#8221;false&#8221; bullet_position=&#8221;top&#8221;]Facilitamos a nuestros clientes un conjunto de servicios en formato Outsourcing, asegurando la realizaci\u00f3n de sus actividades de soporte, de forma que puedan centrarse m\u00e1s en su actividad principal.<\/p>\n<p>Nuestra intervenci\u00f3n consiste en asegurar el cumplimento de los requisitos legales exigidos por parte de nuestros clientes, concretamente, a nivel de las siguientes \u00e1reas:<\/p>\n<ul>\n<li>Contabilidad;<\/li>\n<li>Financiera;<\/li>\n<li>Recursos Humanos;<\/li>\n<li>Patrimonio;<\/li>\n<li>Otras funciones de Gesti\u00f3n Provincial y Municipal.<\/li>\n<\/ul>\n<p>[\/dt_vc_list]\n\t<\/div>\n<div class=\"wpb_tour_next_prev_nav vc_clearfix\"> <span class=\"wpb_prev_slide\"><a href=\"#prev\" title=\"Previous tab\">Previous tab<\/a><\/span> <span class=\"wpb_next_slide\"><a href=\"#next\" title=\"Next tab\">Next tab<\/a><\/span><\/div>\n\t\t<\/div>\n\t<\/div>\n<\/div><\/div><\/div>\n","protected":false},"excerpt":{"rendered":"En el \u00e1mbito de los servicios de Asesor\u00eda, facilitamos nuestros servicios en dos modalidades: [dt_gap height=\"10\"] [dt_gap height=\"5\"] Asesor\u00eda T\u00e9cnicaOutsourcing [dt_vc_list style=\"1\" dividers=\"false\" bullet_position=\"top\"]Prestamos servicios de Asesor\u00eda T\u00e9cnica a nuestros clientes, apoy\u00e1ndolos en el cumplimento de los requisitos legales e institucionales exigidos, en la operacionalizaci\u00f3n de los procesos y procedimientos definidos, en la preparaci\u00f3n de &hellip; <a href=\"http:\/\/intersismet.pt\/es\/servicios\/assessoria\/\" class=\"more-link\">Continue reading <span class=\"screen-reader-text\">Asesor\u00eda<\/span><\/a>","protected":false},"author":1,"featured_media":0,"parent":14517,"menu_order":0,"comment_status":"closed","ping_status":"open","template":"","meta":{"footnotes":""},"_links":{"self":[{"href":"http:\/\/intersismet.pt\/es\/wp-json\/wp\/v2\/pages\/14534"}],"collection":[{"href":"http:\/\/intersismet.pt\/es\/wp-json\/wp\/v2\/pages"}],"about":[{"href":"http:\/\/intersismet.pt\/es\/wp-json\/wp\/v2\/types\/page"}],"author":[{"embeddable":true,"href":"http:\/\/intersismet.pt\/es\/wp-json\/wp\/v2\/users\/1"}],"replies":[{"embeddable":true,"href":"http:\/\/intersismet.pt\/es\/wp-json\/wp\/v2\/comments?post=14534"}],"version-history":[{"count":1,"href":"http:\/\/intersismet.pt\/es\/wp-json\/wp\/v2\/pages\/14534\/revisions"}],"predecessor-version":[{"id":15558,"href":"http:\/\/intersismet.pt\/es\/wp-json\/wp\/v2\/pages\/14534\/revisions\/15558"}],"up":[{"embeddable":true,"href":"http:\/\/intersismet.pt\/es\/wp-json\/wp\/v2\/pages\/14517"}],"wp:attachment":[{"href":"http:\/\/intersismet.pt\/es\/wp-json\/wp\/v2\/media?parent=14534"}],"curies":[{"name":"wp","href":"https:\/\/api.w.org\/{rel}","templated":true}]}}