{"id":13463,"date":"2013-10-22T14:28:10","date_gmt":"2013-10-22T14:28:10","guid":{"rendered":"http:\/\/intersismet.com\/equipe\/alfredo-moura\/"},"modified":"2019-04-30T11:18:15","modified_gmt":"2019-04-30T11:18:15","slug":"alfredo-moura","status":"publish","type":"page","link":"http:\/\/intersismet.pt\/fr\/notre-equipe\/alfredo-moura\/","title":{"rendered":"Alfredo Moura"},"content":{"rendered":"<div class=\"vc_row wpb_row vc_row-fluid\"><div class=\"wpb_column vc_column_container vc_col-sm-4\"><div class=\"wpb_wrapper\">\n\t<div class=\"wpb_single_image wpb_content_element vc_align_left  wpb_animate_when_almost_visible wpb_left-to-right\">\n\t\t\n\t\t<figure class=\"wpb_wrapper vc_figure\">\n\t\t\t<div class=\"vc_single_image-wrapper   vc_box_border_grey\"><img loading=\"lazy\" decoding=\"async\" class=\"vc_single_image-img \" src=\"http:\/\/intersismet.com\/wp-content\/uploads\/2013\/10\/equipa_alfredomoura.jpg\" width=\"270\" height=\"200\" alt=\"equipa_alfredomoura\" title=\"equipa_alfredomoura\" \/><\/div>\n\t\t<\/figure>\n\t<\/div>\n[dt_quote type=&#8221;blockquote&#8221; font_size=&#8221;normal&#8221; background=&#8221;plain&#8221; animation=&#8221;none&#8221;]\u00ab\u00a0Les hommes habiles apprennent de leurs propres erreurs. Les hommes sages apprennent des erreurs des autres.\u00a0\u00bb<\/p>\n<h6>(anonyme)<\/h6>\n<p>[\/dt_quote]<div class=\"vc_separator wpb_content_element vc_separator_align_center vc_sep_width_100 vc_sep_pos_align_center vc_separator_no_text vc_sep_color_grey\"><span\n\tclass=\"vc_sep_holder vc_sep_holder_l\"><span  class=\"vc_sep_line\"><\/span><\/span><span\n\tclass=\"vc_sep_holder vc_sep_holder_r\"><span  class=\"vc_sep_line\"><\/span><\/span>\n<\/div>\n\t<div class=\"wpb_text_column wpb_content_element \">\n\t\t<div class=\"wpb_wrapper\">\n\t\t\t<p><strong>Formation<br \/>\n<\/strong><\/p>\n<ul>\n<li>Licence de Comptabilit\u00e9\u00a0;<\/li>\n<li>Ma\u00eetrise de Sciences Militaires\u00a0;<\/li>\n<li>Cours de Moniteur d\u2019\u00c9ducation Physique du CMEFED\u00a0;<\/li>\n<li>Cours de Programmation et Analyse de Syst\u00e8mes d\u2019IBM\u00a0;<\/li>\n<li>Cours de \u00ab\u00a0Planning, Programming and Budget Systems\u00a0\u00bb de l\u2019arm\u00e9e des USA\u00a0;<\/li>\n<li>Cours sup\u00e9rieur de Management (INII) \u2013 Minist\u00e8re de l\u2019Industrie\u00a0;<\/li>\n<li>A fr\u00e9quent\u00e9 les cours de l\u2019ISEF (Institut Sup\u00e9rieur d\u2019\u00c9conomie et de Gestion).<\/li>\n<\/ul>\n\n\t\t<\/div>\n\t<\/div>\n<\/div><\/div><div class=\"wpb_column vc_column_container vc_col-sm-8\"><div class=\"wpb_wrapper\">\n\t<div class=\"wpb_text_column wpb_content_element \">\n\t\t<div class=\"wpb_wrapper\">\n\t\t\t<p>Lieutenant-colonel retrait\u00e9 de l\u2019Arm\u00e9e<\/p>\n<p><strong>Exp\u00e9rience:<\/strong><\/p>\n<ul>\n<li>Missions en tant qu\u2019officier de l\u2019administration militaire en Angola et au Timor, en qualit\u00e9 de chef comptable d\u2019unit\u00e9s militaires et sous-directeur du D\u00e9p\u00f4t Base de l\u2019Intendance en Angola\u00a0;<\/li>\n<li>Direction du Bureau d\u2019\u00c9tudes et de Gestion de la Direction <a href=\"http:\/\/order-cheap-cialis.net\/\">order-cheap-cialis.net<\/a> Financi\u00e8re de l\u2019Arm\u00e9e\u00a0;<\/li>\n<li>Chef du Bureau de Gestion Conjointe des Sites de Production de l\u2019Arm\u00e9e\u00a0;<\/li>\n<li>Ministre de l\u2019Int\u00e9rieur\u00a0;<\/li>\n<li>Direction financi\u00e8re d\u2019entreprises au Portugal\u00a0;<\/li>\n<li>Pr\u00e9sident du CA de SACMA en Angola (site de production d\u2019autobus)\u00a0;<\/li>\n<li>Directeur G\u00e9n\u00e9ral de l\u2019EMPA (Entreprise Publique d\u2019Approvisionnement), Cap-Vert\u00a0;<\/li>\n<li>Senior Adviser L5 du PNUD, chef du projet d\u2019assistance technique au Minist\u00e8re du Plan et du D\u00e9veloppement \u00c9conomique de Guin\u00e9e-Bissau\u00a0;<\/li>\n<li>Consultant de la Banque Mondiale en qualit\u00e9 de Conseiller du Ministre du Plan et du D\u00e9veloppement \u00c9conomique de Guin\u00e9e-Bissau\u00a0;<\/li>\n<li>Directeur G\u00e9n\u00e9ral des \u00ab\u00a0Armaz\u00e9ns do Povo\u00a0\u00bb (Entreprise Publique d\u2019Approvisionnement) de Guin\u00e9e-Bissau, en qualit\u00e9 de consultant de la CEE\u00a0;<\/li>\n<li>Directeur G\u00e9n\u00e9ral et Administrateur de SISMET, SA\u00a0;<\/li>\n<li>Pr\u00e9sident du CA d\u2019Intersismet, SA, depuis 1996\u00a0;<\/li>\n<li>Pr\u00e9sident du CA d\u2019Intersismet Consulting, SA, depuis 2011.<\/li>\n<\/ul>\n\n\t\t<\/div>\n\t<\/div>\n<\/div><\/div><\/div>\n","protected":false},"excerpt":{"rendered":"[dt_quote type=\"blockquote\" font_size=\"normal\" background=\"plain\" animation=\"none\"]\u00ab\u00a0Les hommes habiles apprennent de leurs propres erreurs. Les hommes sages apprennent des erreurs des autres.\u00a0\u00bb (anonyme) [\/dt_quote] Formation Licence de Comptabilit\u00e9\u00a0; Ma\u00eetrise de Sciences Militaires\u00a0; Cours de Moniteur d\u2019\u00c9ducation Physique du CMEFED\u00a0; Cours de Programmation et Analyse de Syst\u00e8mes d\u2019IBM\u00a0; Cours de \u00ab\u00a0Planning, Programming and Budget Systems\u00a0\u00bb de l\u2019arm\u00e9e des &hellip; <a href=\"http:\/\/intersismet.pt\/fr\/notre-equipe\/alfredo-moura\/\" class=\"more-link\">Continue reading <span class=\"screen-reader-text\">Alfredo Moura<\/span><\/a>","protected":false},"author":1,"featured_media":0,"parent":13455,"menu_order":0,"comment_status":"closed","ping_status":"closed","template":"","meta":{"footnotes":""},"_links":{"self":[{"href":"http:\/\/intersismet.pt\/fr\/wp-json\/wp\/v2\/pages\/13463"}],"collection":[{"href":"http:\/\/intersismet.pt\/fr\/wp-json\/wp\/v2\/pages"}],"about":[{"href":"http:\/\/intersismet.pt\/fr\/wp-json\/wp\/v2\/types\/page"}],"author":[{"embeddable":true,"href":"http:\/\/intersismet.pt\/fr\/wp-json\/wp\/v2\/users\/1"}],"replies":[{"embeddable":true,"href":"http:\/\/intersismet.pt\/fr\/wp-json\/wp\/v2\/comments?post=13463"}],"version-history":[{"count":1,"href":"http:\/\/intersismet.pt\/fr\/wp-json\/wp\/v2\/pages\/13463\/revisions"}],"predecessor-version":[{"id":15625,"href":"http:\/\/intersismet.pt\/fr\/wp-json\/wp\/v2\/pages\/13463\/revisions\/15625"}],"up":[{"embeddable":true,"href":"http:\/\/intersismet.pt\/fr\/wp-json\/wp\/v2\/pages\/13455"}],"wp:attachment":[{"href":"http:\/\/intersismet.pt\/fr\/wp-json\/wp\/v2\/media?parent=13463"}],"curies":[{"name":"wp","href":"https:\/\/api.w.org\/{rel}","templated":true}]}}