{"id":13506,"date":"2013-10-01T09:56:49","date_gmt":"2013-10-01T09:56:49","guid":{"rendered":"http:\/\/intersismet.com\/mercados-2\/"},"modified":"2015-04-07T14:16:34","modified_gmt":"2015-04-07T14:16:34","slug":"marches","status":"publish","type":"page","link":"http:\/\/intersismet.pt\/fr\/marches\/","title":{"rendered":"March\u00e9s"},"content":{"rendered":"<div class=\"vc_row wpb_row vc_row-fluid\"><div class=\"wpb_column vc_column_container vc_col-sm-4\"><div class=\"wpb_wrapper\">\n\t<div class=\"wpb_accordion wpb_content_element  not-column-inherit\" data-collapsible=\"\" data-vc-disable-keydown=\"false\" data-active-tab=\"1\">\n\t\t<div class=\"wpb_wrapper wpb_accordion_wrapper ui-accordion\">\n\n\n\t<div class=\"wpb_accordion_section group\">\n\t\t<h3 class=\"wpb_accordion_header ui-accordion-header\"><a href=\"#principaux-marches\">Principaux march\u00e9s<\/a><\/h3>\n\t\t<div class=\"wpb_accordion_content ui-accordion-content vc_clearfix\">\n\t\t\t\n\t<div class=\"wpb_text_column wpb_content_element \">\n\t\t<div class=\"wpb_wrapper\">\n\t\t\t<p><img loading=\"lazy\" decoding=\"async\" class=\"alignleft size-full wp-image-13284\" src=\"http:\/\/intersismet.com\/wp-content\/uploads\/2013\/10\/banner_pt2.jpg\" alt=\"banner_pt\" width=\"20\" height=\"15\" \/> Portugal<br \/>\n<img loading=\"lazy\" decoding=\"async\" class=\"alignleft size-full wp-image-13286\" src=\"http:\/\/intersismet.com\/wp-content\/uploads\/2013\/10\/banner_angola1.jpg\" alt=\"banner_angola\" width=\"20\" height=\"15\" \/>Angola<br \/>\n<img loading=\"lazy\" decoding=\"async\" class=\"alignleft size-full wp-image-13287\" src=\"http:\/\/intersismet.com\/wp-content\/uploads\/2013\/10\/banner_brasil1.jpg\" alt=\"banner_brasil\" width=\"20\" height=\"15\" \/>Br\u00e9sil<br \/>\n<img loading=\"lazy\" decoding=\"async\" class=\"alignleft size-full wp-image-13288\" src=\"http:\/\/intersismet.com\/wp-content\/uploads\/2013\/10\/banner_mocambique1.jpg\" alt=\"banner_mocambique\" width=\"20\" height=\"15\" \/>Mozambique<br \/>\n<img loading=\"lazy\" decoding=\"async\" class=\"alignleft size-full wp-image-13289\" src=\"http:\/\/intersismet.com\/wp-content\/uploads\/2013\/10\/banner_caboverde1.jpg\" alt=\"banner_caboverde\" width=\"20\" height=\"15\" \/>Cap-Vert<br \/>\n<img loading=\"lazy\" decoding=\"async\" class=\"alignleft size-full wp-image-13290\" src=\"http:\/\/intersismet.com\/wp-content\/uploads\/2013\/10\/banner_guinebissau1.jpg\" alt=\"banner_guinebissau\" width=\"20\" height=\"15\" \/>Guin\u00e9e-Bissau<br \/>\n<img loading=\"lazy\" decoding=\"async\" class=\"alignleft size-full wp-image-13291\" src=\"http:\/\/intersismet.com\/wp-content\/uploads\/2013\/10\/banner_conacri.jpg\" alt=\"banner_conacri\" width=\"20\" height=\"15\" \/>Guin\u00e9e-Conakry<br \/>\n<img loading=\"lazy\" decoding=\"async\" class=\"alignleft size-full wp-image-13292\" src=\"http:\/\/intersismet.com\/wp-content\/uploads\/2013\/10\/banner_guineequatorial.jpg\" alt=\"banner_guineequatorial\" width=\"20\" height=\"15\" \/>Guin\u00e9e \u00c9quatoriale<br \/>\n<img loading=\"lazy\" decoding=\"async\" class=\"alignleft size-full wp-image-13293\" src=\"http:\/\/intersismet.com\/wp-content\/uploads\/2013\/10\/banner_timorleste.jpg\" alt=\"banner_timorleste\" width=\"20\" height=\"15\" \/>Timor Oriental<\/p>\n\n\t\t<\/div>\n\t<\/div>\n\n\t\t<\/div>\n\t<\/div>\n\n\t<div class=\"wpb_accordion_section group\">\n\t\t<h3 class=\"wpb_accordion_header ui-accordion-header\"><a href=\"#developpement-de-projets-sur-dautres-marches\">D\u00e9veloppement de projets sur d\u2019autres march\u00e9s<\/a><\/h3>\n\t\t<div class=\"wpb_accordion_content ui-accordion-content vc_clearfix\">\n\t\t\t\n\t<div class=\"wpb_text_column wpb_content_element \">\n\t\t<div class=\"wpb_wrapper\">\n\t\t\t<p><img loading=\"lazy\" decoding=\"async\" class=\"alignleft size-full wp-image-13295\" src=\"http:\/\/intersismet.com\/wp-content\/uploads\/2013\/10\/banner_ucrania.jpg\" alt=\"banner_ucrania\" width=\"20\" height=\"15\" \/>Ukraine<br \/>\n<img loading=\"lazy\" decoding=\"async\" class=\"alignleft size-full wp-image-13296\" src=\"http:\/\/intersismet.com\/wp-content\/uploads\/2013\/10\/banner_georgia.jpg\" alt=\"banner_georgia\" width=\"20\" height=\"15\" \/>G\u00e9orgie<br \/>\n<img loading=\"lazy\" decoding=\"async\" class=\"alignleft size-full wp-image-13297\" src=\"http:\/\/intersismet.com\/wp-content\/uploads\/2013\/10\/banner_armenia.jpg\" alt=\"banner_armenia\" width=\"20\" height=\"15\" \/>Arm\u00e9nie<br \/>\n<img loading=\"lazy\" decoding=\"async\" class=\"alignleft size-full wp-image-13298\" src=\"http:\/\/intersismet.com\/wp-content\/uploads\/2013\/10\/banner_repdom1.jpg\" alt=\"banner_repdom\" width=\"20\" height=\"15\" \/>R\u00e9publique Dominicaine<br \/>\n<img loading=\"lazy\" decoding=\"async\" class=\"alignleft size-full wp-image-13299\" src=\"http:\/\/intersismet.com\/wp-content\/uploads\/2013\/10\/banner_guatemala1.jpg\" alt=\"banner_guatemala\" width=\"20\" height=\"15\" \/>Guatemala<br \/>\n<img loading=\"lazy\" decoding=\"async\" class=\"alignleft size-full wp-image-13300\" src=\"http:\/\/intersismet.com\/wp-content\/uploads\/2013\/10\/banner_congo1.jpg\" alt=\"banner_congo\" width=\"20\" height=\"15\" \/>R\u00e9publique D\u00e9mocratique du Congo<\/p>\n\n\t\t<\/div>\n\t<\/div>\n\n\t\t<\/div>\n\t<\/div>\n\n\t<div class=\"wpb_accordion_section group\">\n\t\t<h3 class=\"wpb_accordion_header ui-accordion-header\"><a href=\"#nous-avons-realise-des-projets-importants-pour\">Nous avons r\u00e9alis\u00e9 des projets importants pour : <\/a><\/h3>\n\t\t<div class=\"wpb_accordion_content ui-accordion-content vc_clearfix\">\n\t\t\t\n\t<div class=\"wpb_text_column wpb_content_element \">\n\t\t<div class=\"wpb_wrapper\">\n\t\t\t<p style=\"text-align: left;\">Union Europ\u00e9enne<br \/>\nBanque Mondiale<br \/>\nBanque Africaine de D\u00e9veloppement<br \/>\nONUDI (Organisation des Nations Unies pour le D\u00e9veloppement Industriel)<br \/>\nPNUD (Programme des Nations Unies pour le D\u00e9veloppement)<\/p>\n\n\t\t<\/div>\n\t<\/div>\n\n\t\t<\/div>\n\t<\/div>\n\n\t\t<\/div>\n\t<\/div>\n<\/div><\/div><div class=\"wpb_column vc_column_container vc_col-sm-8\"><div class=\"wpb_wrapper\">\n\t<div class=\"wpb_single_image wpb_content_element vc_align_left  wpb_animate_when_almost_visible wpb_right-to-left\">\n\t\t\n\t\t<figure class=\"wpb_wrapper vc_figure\">\n\t\t\t<div class=\"vc_single_image-wrapper   vc_box_border_grey\"><img loading=\"lazy\" decoding=\"async\" class=\"vc_single_image-img \" src=\"http:\/\/intersismet.com\/wp-content\/uploads\/2013\/10\/img_mercados_fr.jpg\" width=\"850\" height=\"359\" alt=\"img_mercados_fr\" title=\"img_mercados_fr\" \/><\/div>\n\t\t<\/figure>\n\t<\/div>\n<\/div><\/div><\/div><div class=\"vc_row wpb_row vc_row-fluid\"><div class=\"wpb_column vc_column_container vc_col-sm-12\"><div class=\"wpb_wrapper\">[dt_gap height=&#8221;30&#8243;]\n\t<div class=\"wpb_text_column wpb_content_element \">\n\t\t<div class=\"wpb_wrapper\">\n\t\t\t<p><strong>L\u00e9gislation<\/strong><\/p>\n\n\t\t<\/div>\n\t<\/div>\n[dt_gap height=&#8221;15&#8243;]\n\t<div class=\"wpb_tour wpb_content_element\" data-interval=\"0\">\n\t\t<div class=\"wpb_wrapper wpb_tour_tabs_wrapper ui-tabs vc_clearfix\">\n\t\t\t<ul class=\"wpb_tabs_nav ui-tabs-nav vc_clearfix\"><li><a href=\"#tab-1384255498-1-49\">Portugal<\/a><\/li><li><a href=\"#tab-1384255498-2-15\">Angola<\/a><\/li><li><a href=\"#tab-1384257886249-2-0\">Br\u00e9sil<\/a><\/li><li><a href=\"#tab-1384258086021-3-9\">Mozambique<\/a><\/li><li><a href=\"#tab-1384258329932-4-3\">Cap-Vert<\/a><\/li><li><a href=\"#tab-1384258488462-5-3\">Guin\u00e9e-Bissau<\/a><\/li><li><a href=\"#tab-1384258683263-6-10\">Guin\u00e9e \u00c9quatoriale<\/a><\/li><li><a href=\"#tab-1384258831040-7-8\">Timor Oriental<\/a><\/li><li><a href=\"#tab-1384259650525-8-6\">S\u00e3o Tom\u00e9 et Principe<\/a><\/li><\/ul>\n\t<div id=\"tab-1384255498-1-49\" class=\"wpb_tab ui-tabs-panel wpb_ui-tabs-hide vc_clearfix\">\n\t\t[dt_vc_list style=&#8221;1&#8243; dividers=&#8221;true&#8221;]<\/p>\n<ul>\n<li style=\"text-align: left;\"><a href=\"http:\/\/intersismet.com\/wp-content\/uploads\/2013\/11\/constituicao_da_republica_portuguesa.pdf\" target=\"_blank\">Constitution<\/a><\/li>\n<li style=\"text-align: left;\"><a href=\"http:\/\/intersismet.com\/wp-content\/uploads\/2013\/11\/ccivil.pdf\" target=\"_blank\">Code Civil<\/a><\/li>\n<li style=\"text-align: left;\"><a href=\"http:\/\/intersismet.com\/wp-content\/uploads\/2013\/11\/ccomercial.pdf\" target=\"_blank\">Code de Commerce<\/a><\/li>\n<li style=\"text-align: left;\"><a href=\"http:\/\/intersismet.com\/wp-content\/uploads\/2013\/11\/codigo_das_sociedades_comerciais.pdf\" target=\"_blank\">Code des Soci\u00e9t\u00e9s Commerciales <\/a><\/li>\n<li style=\"text-align: left;\"><a href=\"http:\/\/intersismet.com\/wp-content\/uploads\/2013\/11\/codigo_contratos_publicos_portugal.pdf\" target=\"_blank\">Code des March\u00e9s Publics<\/a><\/li>\n<\/ul>\n<p>[\/dt_vc_list]\n\t<\/div>\n\n\t<div id=\"tab-1384255498-2-15\" class=\"wpb_tab ui-tabs-panel wpb_ui-tabs-hide vc_clearfix\">\n\t\t[dt_vc_list style=&#8221;1&#8243; dividers=&#8221;true&#8221;]<\/p>\n<ul>\n<li style=\"text-align: left;\"><a href=\"http:\/\/intersismet.com\/wp-content\/uploads\/2013\/11\/constituicao_angola.pdf\" target=\"_blank\">Constitution<\/a><\/li>\n<li style=\"text-align: left;\"><a href=\"http:\/\/intersismet.com\/wp-content\/uploads\/2013\/11\/codigo_civil_1966.pdf\" target=\"_blank\">Code Civil<\/a><\/li>\n<li style=\"text-align: left;\"><a href=\"http:\/\/intersismet.com\/wp-content\/uploads\/2013\/11\/lei_das_sociedades_comerciais_angola.pdf\" target=\"_blank\">Loi des Soci\u00e9t\u00e9s Commerciales<\/a><\/li>\n<li style=\"text-align: left;\"><a href=\"http:\/\/intersismet.com\/wp-content\/uploads\/2013\/11\/codigo_procedimento_administrativo_angola.pdf\" target=\"_blank\">Code de Proc\u00e9dure Administrative<\/a><\/li>\n<li style=\"text-align: left;\"><a href=\"http:\/\/intersismet.com\/wp-content\/uploads\/2013\/11\/lei_da_contratacao_publica_angola.pdf\" target=\"_blank\">Loi des Appels d\u2019Offres publics <\/a><\/li>\n<li style=\"text-align: left;\"><a href=\"http:\/\/intersismet.com\/wp-content\/uploads\/2013\/11\/regulamento_do_contencioso_administrativos_angola.pdf\" target=\"_blank\">R\u00e8glement du Contentieux Administratif<\/a><\/li>\n<\/ul>\n<p>[\/dt_vc_list]\n\t<\/div>\n\n\t<div id=\"tab-1384257886249-2-0\" class=\"wpb_tab ui-tabs-panel wpb_ui-tabs-hide vc_clearfix\">\n\t\t[dt_vc_list style=&#8221;1&#8243; dividers=&#8221;true&#8221;]<\/p>\n<ul>\n<li style=\"text-align: left;\"><a href=\"http:\/\/intersismet.com\/wp-content\/uploads\/2013\/11\/constituicao_brasil.pdf\" target=\"_blank\">Constitution<\/a><\/li>\n<li style=\"text-align: left;\"><a href=\"http:\/\/intersismet.com\/wp-content\/uploads\/2013\/11\/codigo_civil_brasileiro.pdf\" target=\"_blank\">Code Civil<\/a><\/li>\n<li style=\"text-align: left;\"><a href=\"http:\/\/intersismet.com\/wp-content\/uploads\/2013\/11\/codigo_comercial.pdf\" target=\"_blank\">Code de Commerce<\/a><\/li>\n<li style=\"text-align: left;\"><a href=\"http:\/\/intersismet.com\/wp-content\/uploads\/2013\/11\/codigo_tributario.pdf\" target=\"_blank\">Code des Imp\u00f4ts<\/a><\/li>\n<li style=\"text-align: left;\"><a href=\"http:\/\/intersismet.com\/wp-content\/uploads\/2013\/11\/lei_da_licitacao_publica.pdf\" target=\"_blank\">Loi des Appels d\u2019Offres publics <\/a><\/li>\n<\/ul>\n<p>[\/dt_vc_list]\n\t<\/div>\n\n\t<div id=\"tab-1384258086021-3-9\" class=\"wpb_tab ui-tabs-panel wpb_ui-tabs-hide vc_clearfix\">\n\t\t[dt_vc_list style=&#8221;1&#8243; dividers=&#8221;true&#8221;]<\/p>\n<ul>\n<li style=\"text-align: left;\"><a href=\"http:\/\/intersismet.com\/wp-content\/uploads\/2013\/11\/constituicao.pdf\" target=\"_blank\">Constitution<\/a><\/li>\n<li style=\"text-align: left;\"><a href=\"http:\/\/intersismet.com\/wp-content\/uploads\/2013\/11\/codigo_comercial_mocambique.pdf\" target=\"_blank\">Code de Commerce<\/a><\/li>\n<li style=\"text-align: left;\"><a href=\"http:\/\/intersismet.com\/wp-content\/uploads\/2013\/11\/lei_dos_investimentos.pdf\" target=\"_blank\">Loi des Investissements<\/a><\/li>\n<li style=\"text-align: left;\"><a href=\"http:\/\/intersismet.com\/wp-content\/uploads\/2013\/11\/regulamento_da_lei_dos_investimentos.pdf\" target=\"_blank\">R\u00e8glement sur la Loi des Investissements<\/a><\/li>\n<\/ul>\n<p>[\/dt_vc_list]\n\t<\/div>\n\n\t<div id=\"tab-1384258329932-4-3\" class=\"wpb_tab ui-tabs-panel wpb_ui-tabs-hide vc_clearfix\">\n\t\t[dt_vc_list style=&#8221;1&#8243; dividers=&#8221;true&#8221;]<\/p>\n<ul>\n<li style=\"text-align: left;\"><a href=\"http:\/\/intersismet.com\/wp-content\/uploads\/2013\/11\/constituicao_caboverde.pdf\" target=\"_blank\">Constitution<\/a><\/li>\n<li style=\"text-align: left;\"><a href=\"http:\/\/intersismet.com\/wp-content\/uploads\/2013\/11\/codigo_civil_caboverde.pdf\" target=\"_blank\">Code Civil<\/a><\/li>\n<li style=\"text-align: left;\"><a href=\"http:\/\/intersismet.com\/wp-content\/uploads\/2013\/11\/codigo_das_empresas_comerciais.pdf\" target=\"_blank\">Code des Entreprises Commerciales<\/a><\/li>\n<li style=\"text-align: left;\"><a href=\"http:\/\/intersismet.com\/wp-content\/uploads\/2013\/11\/lei_aquisicoes_publicas.pdf\" target=\"_blank\">Loi des Acquisitions Publiques<\/a><\/li>\n<\/ul>\n<p>[\/dt_vc_list]\n\t<\/div>\n\n\t<div id=\"tab-1384258488462-5-3\" class=\"wpb_tab ui-tabs-panel wpb_ui-tabs-hide vc_clearfix\">\n\t\t[dt_vc_list style=&#8221;1&#8243; dividers=&#8221;true&#8221;]<\/p>\n<ul>\n<li style=\"text-align: left;\"><a href=\"http:\/\/intersismet.com\/wp-content\/uploads\/2013\/11\/constituicao_guine.pdf\" target=\"_blank\">Constitution<\/a><\/li>\n<li style=\"text-align: left;\"><a href=\"http:\/\/intersismet.com\/wp-content\/uploads\/2013\/11\/codigo_civil_guine_bissau_e_legisl_complementar.pdf\" target=\"_blank\">Code Civil et L\u00e9gislation Compl\u00e9mentaire<\/a><\/li>\n<li style=\"text-align: left;\"><a href=\"http:\/\/intersismet.com\/wp-content\/uploads\/2013\/11\/lei_dos_contratos_publicos_guine.pdf\" target=\"_blank\">Loi des March\u00e9s Publics<\/a><\/li>\n<li style=\"text-align: left;\"><a href=\"http:\/\/intersismet.com\/wp-content\/uploads\/2013\/11\/codigo_de_investimento.pdf\" target=\"_blank\">Code de l\u2019Investissement <\/a><\/li>\n<\/ul>\n<p>[\/dt_vc_list]\n\t<\/div>\n\n\t<div id=\"tab-1384258683263-6-10\" class=\"wpb_tab ui-tabs-panel wpb_ui-tabs-hide vc_clearfix\">\n\t\t[dt_vc_list style=&#8221;1&#8243; dividers=&#8221;true&#8221;]<\/p>\n<ul>\n<li style=\"text-align: left;\"><a href=\"http:\/\/intersismet.com\/wp-content\/uploads\/2013\/11\/lei_fundamental_guine_equatorial.pdf\" target=\"_blank\">Constitution<\/a><\/li>\n<li style=\"text-align: left;\"><a href=\"http:\/\/intersismet.com\/wp-content\/uploads\/2013\/11\/politica_economica_e_financeira_g_equatorial.pdf\" target=\"_blank\">Politique \u00e9conomique et financi\u00e8re<\/a><\/li>\n<li style=\"text-align: left;\"><a href=\"http:\/\/intersismet.com\/wp-content\/uploads\/2013\/11\/procedimento_administrativo_guine_equatorial.pdf\" target=\"_blank\">Proc\u00e9dure administrative<\/a><\/li>\n<li style=\"text-align: left;\"><a href=\"http:\/\/intersismet.com\/wp-content\/uploads\/2013\/11\/codigo_de_investimento__guine_equatorial.pdf\" target=\"_blank\">Code de l\u2019Investissement<\/a><\/li>\n<\/ul>\n<p>[\/dt_vc_list]\n\t<\/div>\n\n\t<div id=\"tab-1384258831040-7-8\" class=\"wpb_tab ui-tabs-panel wpb_ui-tabs-hide vc_clearfix\">\n\t\t[dt_vc_list style=&#8221;1&#8243; dividers=&#8221;true&#8221;]<\/p>\n<ul>\n<li style=\"text-align: left;\"><a href=\"http:\/\/intersismet.com\/wp-content\/uploads\/2013\/11\/constituicao_rdtl.pdf\" target=\"_blank\">Constitution<\/a><\/li>\n<li style=\"text-align: left;\"><a href=\"http:\/\/intersismet.com\/wp-content\/uploads\/2013\/11\/codigo_civil_timor_leste.pdf\" target=\"_blank\">Code Civil<\/a><\/li>\n<li style=\"text-align: left;\"><a href=\"http:\/\/intersismet.com\/wp-content\/uploads\/2013\/11\/sociedades_comerciais.pdf\" target=\"_blank\">Soci\u00e9t\u00e9s Commerciales<\/a><\/li>\n<li style=\"text-align: left;\"><a href=\"http:\/\/intersismet.com\/wp-content\/uploads\/2013\/11\/regime_juridico_contratos_publicos.pdf\" target=\"_blank\">R\u00e9gime Juridique des March\u00e9s Publics<\/a><\/li>\n<li style=\"text-align: left;\"><a href=\"http:\/\/intersismet.com\/wp-content\/uploads\/2013\/11\/lei_tributaria_2008.pdf\" target=\"_blank\">Loi Fiscale<\/a><\/li>\n<li style=\"text-align: left;\"><a href=\"http:\/\/intersismet.com\/wp-content\/uploads\/2013\/11\/cod_aduaneiro_dl_2004_11.pdf\" target=\"_blank\">Code des Douanes <\/a><\/li>\n<li style=\"text-align: left;\"><a href=\"http:\/\/intersismet.com\/wp-content\/uploads\/2013\/11\/reg_franquias_aduaneiras_dl_2006_8.pdf\" target=\"_blank\">R\u00e8glement sur les Franchises Douani\u00e8res<\/a><\/li>\n<\/ul>\n<p>[\/dt_vc_list]\n\t<\/div>\n\n\t<div id=\"tab-1384259650525-8-6\" class=\"wpb_tab ui-tabs-panel wpb_ui-tabs-hide vc_clearfix\">\n\t\t[dt_vc_list style=&#8221;1&#8243; dividers=&#8221;true&#8221;]<\/p>\n<ul>\n<li style=\"text-align: left;\"><a href=\"http:\/\/intersismet.com\/wp-content\/uploads\/2013\/11\/constituicao_2003.pdf\" target=\"_blank\">Constitution<\/a><\/li>\n<li style=\"text-align: left;\"><a href=\"http:\/\/intersismet.com\/wp-content\/uploads\/2013\/11\/codigo_de_investimentos.pdf\" target=\"_blank\">Code de l\u2019Investissement<\/a><\/li>\n<li style=\"text-align: left;\"><a href=\"http:\/\/intersismet.com\/wp-content\/uploads\/2013\/11\/lei_14_2009_altera_cod_comercial.pdf\" target=\"_blank\">Loi 14-2009 Modification du Code de Commerce <\/a><\/li>\n<li style=\"text-align: left;\"><a href=\"http:\/\/intersismet.com\/wp-content\/uploads\/2013\/11\/lei_17_2009_altera_lei_soc_quotas.pdf\" target=\"_blank\">Loi 17-2009 Modification de la Loi sur les Soci\u00e9t\u00e9s \u00e0 Responsabilit\u00e9 Limit\u00e9e<\/a><\/li>\n<li style=\"text-align: left;\"><a href=\"http:\/\/intersismet.com\/wp-content\/uploads\/2013\/11\/lei_sociedades_por_quotas.pdf\" target=\"_blank\">Loi sur les Soci\u00e9t\u00e9s \u00e0 Responsabilit\u00e9 Limit\u00e9e<\/a><\/li>\n<\/ul>\n<p>[\/dt_vc_list]\n\t<\/div>\n<div class=\"wpb_tour_next_prev_nav vc_clearfix\"> <span class=\"wpb_prev_slide\"><a href=\"#prev\" title=\"Onglet pr\u00e9c\u00e9dent \">Onglet pr\u00e9c\u00e9dent <\/a><\/span> <span class=\"wpb_next_slide\"><a href=\"#next\" title=\"Onglet suivant\">Onglet suivant<\/a><\/span><\/div>\n\t\t<\/div>\n\t<\/div>\n<\/div><\/div><\/div>\n","protected":false},"excerpt":{"rendered":"Principaux march\u00e9s Portugal Angola Br\u00e9sil Mozambique Cap-Vert Guin\u00e9e-Bissau Guin\u00e9e-Conakry Guin\u00e9e \u00c9quatoriale Timor Oriental D\u00e9veloppement de projets sur d\u2019autres march\u00e9s Ukraine G\u00e9orgie Arm\u00e9nie R\u00e9publique Dominicaine Guatemala R\u00e9publique D\u00e9mocratique du Congo Nous avons r\u00e9alis\u00e9 des projets importants pour : Union Europ\u00e9enne Banque Mondiale Banque Africaine de D\u00e9veloppement ONUDI (Organisation des Nations Unies pour le D\u00e9veloppement Industriel) PNUD &hellip; <a href=\"http:\/\/intersismet.pt\/fr\/marches\/\" class=\"more-link\">Continue reading <span class=\"screen-reader-text\">March\u00e9s<\/span><\/a>","protected":false},"author":1,"featured_media":0,"parent":0,"menu_order":0,"comment_status":"closed","ping_status":"closed","template":"","meta":{"footnotes":""},"_links":{"self":[{"href":"http:\/\/intersismet.pt\/fr\/wp-json\/wp\/v2\/pages\/13506"}],"collection":[{"href":"http:\/\/intersismet.pt\/fr\/wp-json\/wp\/v2\/pages"}],"about":[{"href":"http:\/\/intersismet.pt\/fr\/wp-json\/wp\/v2\/types\/page"}],"author":[{"embeddable":true,"href":"http:\/\/intersismet.pt\/fr\/wp-json\/wp\/v2\/users\/1"}],"replies":[{"embeddable":true,"href":"http:\/\/intersismet.pt\/fr\/wp-json\/wp\/v2\/comments?post=13506"}],"version-history":[{"count":0,"href":"http:\/\/intersismet.pt\/fr\/wp-json\/wp\/v2\/pages\/13506\/revisions"}],"wp:attachment":[{"href":"http:\/\/intersismet.pt\/fr\/wp-json\/wp\/v2\/media?parent=13506"}],"curies":[{"name":"wp","href":"https:\/\/api.w.org\/{rel}","templated":true}]}}