{"id":13524,"date":"2013-10-01T09:53:29","date_gmt":"2013-10-01T09:53:29","guid":{"rendered":"http:\/\/intersismet.com\/quem-somos-2\/"},"modified":"2019-05-02T12:34:37","modified_gmt":"2019-05-02T12:34:37","slug":"qui-sommes-nous","status":"publish","type":"page","link":"http:\/\/intersismet.pt\/fr\/qui-sommes-nous\/","title":{"rendered":"Qui sommes-nous"},"content":{"rendered":"<div class=\"vc_row wpb_row vc_row-fluid\"><div class=\"wpb_column vc_column_container vc_col-sm-12\"><div class=\"wpb_wrapper\">[dt_gap height=&#8221;20&#8243;]\n\t<div class=\"wpb_text_column wpb_content_element \">\n\t\t<div class=\"wpb_wrapper\">\n\t\t\t<p align=\"justify\"><img loading=\"lazy\" decoding=\"async\" class=\"alignleft  wp-image-13108\" alt=\"quemsomos3\" src=\"http:\/\/intersismet.com\/wp-content\/uploads\/2013\/10\/quemsomos3.jpg\" width=\"180\" height=\"190\" \/><\/p>\n<p><strong>INTERSISMET, S.A.<\/strong> \u2013 Soci\u00e9t\u00e9 de Gestion de Projets Internationaux ayant son si\u00e8ge au Portugal, est une entreprise de conseil reconnue, dot\u00e9e de plus de 30 ans d\u2019exp\u00e9rience, qui poss\u00e8de des comp\u00e9tences en mati\u00e8re de modernisation administrative, de qualification institutionnelle, de planification, de technologies de l\u2019information et de la communication, de formation et d\u2019inspection de travaux.<\/p>\n<p>Son champ d\u2019action est essentiellement centr\u00e9 sur le march\u00e9 de la lusophonie. La soci\u00e9t\u00e9 dispose pour cela d\u2019un large portefeuille de travaux et de projets r\u00e9alis\u00e9s dans diff\u00e9rents pays de langue portugaise, notamment au <strong>Portugal, en Angola, au Br\u00e9sil, au Mozambique, au Cap-Vert, en Guin\u00e9e-Bissau et \u00e0 S\u00e3o Tom\u00e9 et Pr\u00edncipe<\/strong>. Parall\u00e8lement, elle a r\u00e9alis\u00e9 des travaux en <strong>R\u00e9publique D\u00e9mocratique du Congo<\/strong>, au <strong>Guatemala<\/strong>, en <strong>R\u00e9publique Dominicaine, en G\u00e9orgie, en Arm\u00e9nie et en Ukraine <\/strong>et s\u2019implante actuellement sur de nouveaux march\u00e9s tels que la <strong>Guin\u00e9e \u00c9quatoriale<\/strong> et <strong>Timor-Est<\/strong>.<\/p>\n<p>INTERSISMET, S.A. a particip\u00e9 \u00e0 divers projets financ\u00e9s par<strong> l\u2019Union Europ\u00e9enne, la Banque Mondiale, la Banque Africaine de D\u00e9veloppement, l\u2019ONUDI<\/strong> (Organisation des Nations Unies pour le D\u00e9veloppement Industriel) et le <strong>PNUD<\/strong> (Programme des Nations Unies pour le D\u00e9veloppement), et dispose d\u2019une vaste exp\u00e9rience dans le d\u00e9veloppement de politiques publiques destin\u00e9es aux administrations publiques centrales et locales et aux cadres techniques hautement sp\u00e9cialis\u00e9s.<\/p>\n<p>Par ailleurs, INTERSISMET a \u00e9tabli d\u2019importants partenariats avec des entreprises reconnues dans divers secteurs d\u2019activit\u00e9 au Portugal, en Angola et au Br\u00e9sil, notamment dans les domaines de la planification, de la comptabilit\u00e9, de l\u2019urbanisme, des technologies de l\u2019information et de la communication et de la sant\u00e9, ce qui lui permet de faire face aux d\u00e9fis qui lui sont pos\u00e9s, de mani\u00e8re ambitieuse et responsable.<\/p>\n\n\t\t<\/div>\n\t<\/div>\n[dt_gap height=&#8221;40&#8243;]<div class=\"vc_separator wpb_content_element vc_separator_align_center vc_sep_width_100 vc_sep_pos_align_center vc_separator_no_text vc_sep_color_grey\"><span\n\tclass=\"vc_sep_holder vc_sep_holder_l\"><span  class=\"vc_sep_line\"><\/span><\/span><span\n\tclass=\"vc_sep_holder vc_sep_holder_r\"><span  class=\"vc_sep_line\"><\/span><\/span>\n<\/div>[dt_divider style=&#8221;thin&#8221;][dt_gap height=&#8221;40&#8243;]\n\t<div class=\"wpb_text_column wpb_content_element \">\n\t\t<div class=\"wpb_wrapper\">\n\t\t\t<p align=\"justify\"><img loading=\"lazy\" decoding=\"async\" class=\"alignleft  wp-image-12925\" alt=\"logo_quemsomos2\" src=\"http:\/\/intersismet.com\/wp-content\/uploads\/2013\/10\/logo_quemsomos2.jpg\" width=\"210\" height=\"115\" \/><\/p>\n<p><strong>INTERSISMET CONSULTING, S.A.<\/strong> est une entreprise angolaise r\u00e9put\u00e9e dans le domaine du conseil pour l\u2019organisation, la modernisation administrative, la planification, la qualification institutionnelle, les technologies de l\u2019information, les \u00e9tudes et les projets.<\/p>\n<p>Depuis plusieurs ann\u00e9es, elle met ses comp\u00e9tences et ses consultants au service d\u2019entit\u00e9s publiques et de d\u00e9veloppement durable en Angola, en offrant un travail s\u00e9rieux et de qualit\u00e9, qui vise \u00e0 satisfaire pleinement ses clients et qui a contribu\u00e9, \u00e0 son \u00e9chelle, au succ\u00e8s des politiques publiques angolaises.<\/p>\n<p>Gr\u00e2ce \u00e0 la vaste exp\u00e9rience de ses cadres et techniciens et au succ\u00e8s de la maison-m\u00e8re INTERSISMET S.A., INTERSISMET CONSULTING SA b\u00e9n\u00e9ficie actuellement d\u2019un large portefeuille de travaux r\u00e9alis\u00e9s dans diff\u00e9rents pays, notamment<strong>\u00a0en Angola, au Br\u00e9sil, au Mozambique, au Cap-Vert, en Guin\u00e9e-Bissau et \u00e0 S\u00e3o Tom\u00e9 et Pr\u00edncipe<\/strong>. Parall\u00e8lement, elle a r\u00e9alis\u00e9 des travaux en <strong>R\u00e9publique D\u00e9mocratique du Congo, au Guatemala, en R\u00e9publique Dominicaine, en G\u00e9orgie, en Arm\u00e9nie et en Ukraine<\/strong> et s\u2019implante actuellement sur de nouveaux march\u00e9s tels que la<strong> Guin\u00e9e \u00c9quatoriale<\/strong> et le <strong>Timor Oriental<\/strong>.<\/p>\n<p>Son \u00e9quipe est compos\u00e9e de cadres angolais biens pr\u00e9par\u00e9s et hautement qualifi\u00e9s. Par ailleurs, l\u2019entreprise a \u00e9tabli d\u2019importants partenariats avec des entreprises reconnues dans divers secteurs d\u2019activit\u00e9, notamment au Portugal, en Angola et au Br\u00e9sil, ce qui lui permet de faire face aux d\u00e9fis qui lui sont pos\u00e9s, de mani\u00e8re ambitieuse et responsable.<\/p>\n<p>En Angola, en particulier, l\u2019entreprise collabore avec diff\u00e9rents minist\u00e8res, instituts publics, gouvernements provinciaux et administrations municipales, dans <a href=\"https:\/\/www.acheterviagrafr24.com\/\">https:\/\/www.acheterviagrafr24.com\/<\/a> divers domaines et secteurs et sur tout le territoire national. Ses connaissances de la r\u00e9alit\u00e9 locale et de la demande lui permettent de r\u00e9aliser en toutes circonstances un travail d\u2019excellence.<\/p>\n<p>.<\/p>\n\n\t\t<\/div>\n\t<\/div>\n<\/div><\/div><\/div>\n","protected":false},"excerpt":{"rendered":"[dt_gap height=\"20\"] INTERSISMET, S.A. \u2013 Soci\u00e9t\u00e9 de Gestion de Projets Internationaux ayant son si\u00e8ge au Portugal, est une entreprise de conseil reconnue, dot\u00e9e de plus de 30 ans d\u2019exp\u00e9rience, qui poss\u00e8de des comp\u00e9tences en mati\u00e8re de modernisation administrative, de qualification institutionnelle, de planification, de technologies de l\u2019information et de la communication, de formation et d\u2019inspection &hellip; <a href=\"http:\/\/intersismet.pt\/fr\/qui-sommes-nous\/\" class=\"more-link\">Continue reading <span class=\"screen-reader-text\">Qui sommes-nous<\/span><\/a>","protected":false},"author":1,"featured_media":0,"parent":0,"menu_order":0,"comment_status":"closed","ping_status":"closed","template":"","meta":{"footnotes":""},"_links":{"self":[{"href":"http:\/\/intersismet.pt\/fr\/wp-json\/wp\/v2\/pages\/13524"}],"collection":[{"href":"http:\/\/intersismet.pt\/fr\/wp-json\/wp\/v2\/pages"}],"about":[{"href":"http:\/\/intersismet.pt\/fr\/wp-json\/wp\/v2\/types\/page"}],"author":[{"embeddable":true,"href":"http:\/\/intersismet.pt\/fr\/wp-json\/wp\/v2\/users\/1"}],"replies":[{"embeddable":true,"href":"http:\/\/intersismet.pt\/fr\/wp-json\/wp\/v2\/comments?post=13524"}],"version-history":[{"count":1,"href":"http:\/\/intersismet.pt\/fr\/wp-json\/wp\/v2\/pages\/13524\/revisions"}],"predecessor-version":[{"id":15641,"href":"http:\/\/intersismet.pt\/fr\/wp-json\/wp\/v2\/pages\/13524\/revisions\/15641"}],"wp:attachment":[{"href":"http:\/\/intersismet.pt\/fr\/wp-json\/wp\/v2\/media?parent=13524"}],"curies":[{"name":"wp","href":"https:\/\/api.w.org\/{rel}","templated":true}]}}