{"id":14516,"date":"2013-11-21T14:53:18","date_gmt":"2013-11-21T14:53:18","guid":{"rendered":"http:\/\/intersismet.com\/?page_id=14516"},"modified":"2015-04-06T10:31:01","modified_gmt":"2015-04-06T10:31:01","slug":"service","status":"publish","type":"page","link":"http:\/\/intersismet.pt\/fr\/service\/","title":{"rendered":"Services"},"content":{"rendered":"<div class=\"vc_row wpb_row vc_row-fluid\"><div class=\"wpb_column vc_column_container vc_col-sm-12\"><div class=\"wpb_wrapper\">[dt_gap height=&#8221;20&#8243;]<\/div><\/div><\/div><div class=\"vc_row wpb_row vc_row-fluid\"><div class=\"wpb_column vc_column_container vc_col-sm-12\"><div class=\"wpb_wrapper\">\n\t<div class=\"wpb_text_column wpb_content_element \">\n\t\t<div class=\"wpb_wrapper\">\n\t\t\t<p>Nous fournissons un ensemble de services de Conseil et d\u2019Assistance, fond\u00e9s sur une exp\u00e9rience curriculaire notable et sur la connaissance des r\u00e9alit\u00e9s locales au Portugal, Angola, Br\u00e9sil, Cap-Vert, Mozambique et Guin\u00e9e-Bissau, entre autres zones g\u00e9ographiques.<\/p>\n<p>En tant que soci\u00e9t\u00e9 de Conseil, nous couvrons pratiquement tous les domaines de sp\u00e9cialit\u00e9 de l\u2019administration publique centrale et locale, contribuant de mani\u00e8re consolid\u00e9e aux processus nationaux de d\u00e9centralisation et de modernisation administrative.<\/p>\n<p>En termes de services d\u2019Assistance, nous accompagnons nos clients sur l\u2019op\u00e9rationnalisation des proc\u00e9dures et sur la conformit\u00e9 aux exigences juridiques demand\u00e9es dans plusieurs domaines, y compris comptable, financier et de ressources humaines.<\/p>\n\n\t\t<\/div>\n\t<\/div>\n[dt_gap height=&#8221;20&#8243;]<\/div><\/div><\/div><div class=\"vc_row wpb_row vc_row-fluid\"><div class=\"wpb_column vc_column_container vc_col-sm-6\"><div class=\"wpb_wrapper\">[dt_banner target_blank=&#8221;false&#8221; bg_color=&#8221;#f4f4f4&#8243; bg_opacity=&#8221;100&#8243; text_color=&#8221;#7b7b7b&#8221; text_size=&#8221;small&#8221; border_width=&#8221;0&#8243; outer_padding=&#8221;0&#8243; inner_padding=&#8221;10&#8243; min_height=&#8221;280&#8243; link=&#8221;http:\/\/intersismet.com\/fr\/service\/consultoria\/&#8221; type=&#8221;uploaded_image&#8221;]<span style=\"color: #b63127;\"><strong>CONSEIL<\/strong><\/span><\/p>\n<p>[dt_vc_list style=&#8221;1&#8243; dividers=&#8221;false&#8221;]<\/p>\n<ul>\n<li>Modernisation Administrative<\/li>\n<li>Planification strat\u00e9gique<\/li>\n<li>Formations institutionnelles<\/li>\n<li>d\u00e9veloppement de comp\u00e9tences<\/li>\n<li>Technologies de l\u2019information et de la communication<\/li>\n<li>Etudes et diagnostics<\/li>\n<li>\u00c9valuations et Audits<\/li>\n<\/ul>\n<p>[\/dt_vc_list][\/dt_banner][dt_gap height=&#8221;20&#8243;]<\/div><\/div><div class=\"wpb_column vc_column_container vc_col-sm-6\"><div class=\"wpb_wrapper\">[dt_banner target_blank=&#8221;false&#8221; bg_color=&#8221;#f4f4f4&#8243; bg_opacity=&#8221;100&#8243; text_color=&#8221;#7b7b7b&#8221; text_size=&#8221;small&#8221; border_width=&#8221;0&#8243; outer_padding=&#8221;0&#8243; inner_padding=&#8221;10&#8243; min_height=&#8221;280&#8243; link=&#8221;http:\/\/intersismet.com\/fr\/service\/assistance\/&#8221; type=&#8221;uploaded_image&#8221;]<span style=\"color: #b63127;\"><strong>ASSISTANCE<\/strong><\/span><\/p>\n<p>[dt_vc_list style=&#8221;1&#8243; dividers=&#8221;false&#8221;]<\/p>\n<ul>\n<li>Assistance Technique[\/dt_vc_list]\n<ul>\n<ul>\n<ul>\n<li>Organisation des services<\/li>\n<li>Comptabilit\u00e9<\/li>\n<li>Finances<\/li>\n<li>Patrimoine<\/li>\n<li>Ressources humaines<\/li>\n<\/ul>\n<\/ul>\n<\/ul>\n<\/li>\n<\/ul>\n<p>[dt_vc_list style=&#8221;1&#8243; dividers=&#8221;false&#8221;]<\/p>\n<ul>\n<li>Outsourcing\/Externalisation<\/li>\n<\/ul>\n<p>[\/dt_vc_list]<\/p>\n<p>[dt_gap height=&#8221;37&#8243; \/][\/dt_banner][dt_gap height=&#8221;20&#8243;]<\/div><\/div><\/div><div class=\"vc_row wpb_row vc_row-fluid\"><div class=\"wpb_column vc_column_container vc_col-sm-8\"><div class=\"wpb_wrapper\"><\/div><\/div><div class=\"wpb_column vc_column_container vc_col-sm-4\"><div class=\"wpb_wrapper\"><\/div><\/div><\/div>\n","protected":false},"excerpt":{"rendered":"[dt_gap height=\"20\"] Nous fournissons un ensemble de services de Conseil et d\u2019Assistance, fond\u00e9s sur une exp\u00e9rience curriculaire notable et sur la connaissance des r\u00e9alit\u00e9s locales au Portugal, Angola, Br\u00e9sil, Cap-Vert, Mozambique et Guin\u00e9e-Bissau, entre autres zones g\u00e9ographiques. En tant que soci\u00e9t\u00e9 de Conseil, nous couvrons pratiquement tous les domaines de sp\u00e9cialit\u00e9 de l\u2019administration publique centrale &hellip; <a href=\"http:\/\/intersismet.pt\/fr\/service\/\" class=\"more-link\">Continue reading <span class=\"screen-reader-text\">Services<\/span><\/a>","protected":false},"author":1,"featured_media":0,"parent":0,"menu_order":0,"comment_status":"closed","ping_status":"closed","template":"","meta":{"footnotes":""},"_links":{"self":[{"href":"http:\/\/intersismet.pt\/fr\/wp-json\/wp\/v2\/pages\/14516"}],"collection":[{"href":"http:\/\/intersismet.pt\/fr\/wp-json\/wp\/v2\/pages"}],"about":[{"href":"http:\/\/intersismet.pt\/fr\/wp-json\/wp\/v2\/types\/page"}],"author":[{"embeddable":true,"href":"http:\/\/intersismet.pt\/fr\/wp-json\/wp\/v2\/users\/1"}],"replies":[{"embeddable":true,"href":"http:\/\/intersismet.pt\/fr\/wp-json\/wp\/v2\/comments?post=14516"}],"version-history":[{"count":0,"href":"http:\/\/intersismet.pt\/fr\/wp-json\/wp\/v2\/pages\/14516\/revisions"}],"wp:attachment":[{"href":"http:\/\/intersismet.pt\/fr\/wp-json\/wp\/v2\/media?parent=14516"}],"curies":[{"name":"wp","href":"https:\/\/api.w.org\/{rel}","templated":true}]}}