{"id":14533,"date":"2013-11-21T18:12:17","date_gmt":"2013-11-21T18:12:17","guid":{"rendered":"http:\/\/intersismet.com\/?page_id=14533"},"modified":"2015-04-08T10:09:39","modified_gmt":"2015-04-08T10:09:39","slug":"assessoria","status":"publish","type":"page","link":"http:\/\/intersismet.pt\/fr\/service\/assessoria\/","title":{"rendered":"Assistence"},"content":{"rendered":"<div class=\"vc_row wpb_row vc_row-fluid\"><div class=\"wpb_column vc_column_container vc_col-sm-12\"><div class=\"wpb_wrapper\">\n\t<div class=\"wpb_text_column wpb_content_element \">\n\t\t<div class=\"wpb_wrapper\">\n\t\t\t<p>Dans le cadre des services d\u2019Assistance, nous offrons nos services selon deux modalit\u00e9s:<\/p>\n\n\t\t<\/div>\n\t<\/div>\n<\/div><\/div><\/div><div class=\"vc_row wpb_row vc_row-fluid\"><div class=\"wpb_column vc_column_container vc_col-sm-12\"><div class=\"wpb_wrapper\">[dt_gap height=&#8221;10&#8243;]\n\t<div class=\"wpb_text_column wpb_content_element \">\n\t\t<div class=\"wpb_wrapper\">\n\t\t\t\n\t\t<\/div>\n\t<\/div>\n[dt_gap height=&#8221;5&#8243;]\n\t<div class=\"wpb_tour wpb_content_element\" data-interval=\"0\">\n\t\t<div class=\"wpb_wrapper wpb_tour_tabs_wrapper ui-tabs vc_clearfix\">\n\t\t\t<ul class=\"wpb_tabs_nav ui-tabs-nav vc_clearfix\"><li><a href=\"#tab-1384255498-1-49\">Assistance Technique<\/a><\/li><li><a href=\"#tab-1384255498-2-15\">Outsourcing \/ Externalisation<\/a><\/li><\/ul>\n\t<div id=\"tab-1384255498-1-49\" class=\"wpb_tab ui-tabs-panel wpb_ui-tabs-hide vc_clearfix\">\n\t\t[dt_vc_list style=&#8221;1&#8243; dividers=&#8221;false&#8221; bullet_position=&#8221;top&#8221;]Nous fournissons des services d\u2019Assistance Technique \u00e0 nos clients, en accompagnant le respect des exigences juridiques et institutionnelles, l\u2019op\u00e9rationnalisation des processus et proc\u00e9dures d\u00e9finis, la pr\u00e9paration de la documentation et la tenue des dossiers, conform\u00e9ment aux exigences, dans les domaines suivants:<\/p>\n<ul>\n<li>Organisation des services;<\/li>\n<li>Comptabilit\u00e9;<\/li>\n<li>Finances;<\/li>\n<li>Patrimoine;<\/li>\n<li>Ressources humaines.<\/li>\n<\/ul>\n<p>Nos services comprennent:<\/p>\n<ul>\n<li>Support technique \u00e0 l\u2019organisation et prestation de services \u00e0 des institutions sp\u00e9cialis\u00e9es;<\/li>\n<li>Appui \u00e0 la prise de d\u00e9cisions;<\/li>\n<li>Conseil qualifi\u00e9 dans la pr\u00e9paration des strat\u00e9gies de d\u00e9veloppement et de gestion.<\/li>\n<\/ul>\n<p>Notre r\u00f4le est de soutenir la mise en \u0153uvre des activit\u00e9s de support de nos clients, tout en formant on job les employ\u00e9s qui iront assumer ces responsabilit\u00e9s \u00e0 l\u2019avenir.[\/dt_vc_list]\n\t<\/div>\n\n\t<div id=\"tab-1384255498-2-15\" class=\"wpb_tab ui-tabs-panel wpb_ui-tabs-hide vc_clearfix\">\n\t\t[dt_vc_list style=&#8221;1&#8243; dividers=&#8221;false&#8221; bullet_position=&#8221;top&#8221;]Nous offrons \u00e0 nos clients un ensemble de services sous le format d\u2019Outsourcing\/ Externalisation, assurant la r\u00e9alisation de leurs activit\u00e9s de support, afin qu\u2019ils puissent maintenir l\u2019accent sur leur activit\u00e9 principale.<\/p>\n<p>Notre intervention consiste \u00e0 veiller au respect des exigences juridiques exig\u00e9es par nos clients, en particulier, au niveau des domaines suivants:<\/p>\n<ul>\n<li>Comptabilit\u00e9;<\/li>\n<li>Financier;<\/li>\n<li>Ressources humaines;<\/li>\n<li>Patrimoine;<\/li>\n<li>Autres fonctions de Gestion des Provinces et municipale.<\/li>\n<\/ul>\n<p>[\/dt_vc_list]\n\t<\/div>\n<div class=\"wpb_tour_next_prev_nav vc_clearfix\"> <span class=\"wpb_prev_slide\"><a href=\"#prev\" title=\"Onglet pr\u00e9c\u00e9dent \">Onglet pr\u00e9c\u00e9dent <\/a><\/span> <span class=\"wpb_next_slide\"><a href=\"#next\" title=\"Onglet suivant\">Onglet suivant<\/a><\/span><\/div>\n\t\t<\/div>\n\t<\/div>\n<\/div><\/div><\/div>\n","protected":false},"excerpt":{"rendered":"Dans le cadre des services d\u2019Assistance, nous offrons nos services selon deux modalit\u00e9s: [dt_gap height=\"10\"] [dt_gap height=\"5\"] Assistance TechniqueOutsourcing \/ Externalisation [dt_vc_list style=\"1\" dividers=\"false\" bullet_position=\"top\"]Nous fournissons des services d\u2019Assistance Technique \u00e0 nos clients, en accompagnant le respect des exigences juridiques et institutionnelles, l\u2019op\u00e9rationnalisation des processus et proc\u00e9dures d\u00e9finis, la pr\u00e9paration de la documentation et la &hellip; <a href=\"http:\/\/intersismet.pt\/fr\/service\/assessoria\/\" class=\"more-link\">Continue reading <span class=\"screen-reader-text\">Assistence<\/span><\/a>","protected":false},"author":1,"featured_media":0,"parent":14516,"menu_order":0,"comment_status":"closed","ping_status":"open","template":"","meta":{"footnotes":""},"_links":{"self":[{"href":"http:\/\/intersismet.pt\/fr\/wp-json\/wp\/v2\/pages\/14533"}],"collection":[{"href":"http:\/\/intersismet.pt\/fr\/wp-json\/wp\/v2\/pages"}],"about":[{"href":"http:\/\/intersismet.pt\/fr\/wp-json\/wp\/v2\/types\/page"}],"author":[{"embeddable":true,"href":"http:\/\/intersismet.pt\/fr\/wp-json\/wp\/v2\/users\/1"}],"replies":[{"embeddable":true,"href":"http:\/\/intersismet.pt\/fr\/wp-json\/wp\/v2\/comments?post=14533"}],"version-history":[{"count":0,"href":"http:\/\/intersismet.pt\/fr\/wp-json\/wp\/v2\/pages\/14533\/revisions"}],"up":[{"embeddable":true,"href":"http:\/\/intersismet.pt\/fr\/wp-json\/wp\/v2\/pages\/14516"}],"wp:attachment":[{"href":"http:\/\/intersismet.pt\/fr\/wp-json\/wp\/v2\/media?parent=14533"}],"curies":[{"name":"wp","href":"https:\/\/api.w.org\/{rel}","templated":true}]}}