{"id":14536,"date":"2013-11-21T17:06:20","date_gmt":"2013-11-21T17:06:20","guid":{"rendered":"http:\/\/intersismet.com\/?page_id=14536"},"modified":"2015-04-08T09:23:46","modified_gmt":"2015-04-08T09:23:46","slug":"consultoria","status":"publish","type":"page","link":"http:\/\/intersismet.pt\/fr\/service\/consultoria\/","title":{"rendered":"Conseil"},"content":{"rendered":"<div class=\"vc_row wpb_row vc_row-fluid\"><div class=\"wpb_column vc_column_container vc_col-sm-12\"><div class=\"wpb_wrapper\">\n\t<div class=\"wpb_text_column wpb_content_element \">\n\t\t<div class=\"wpb_wrapper\">\n\t\t\t<p>Dans le cadre des services de Conseil, nous intervenons dans les domaines Strat\u00e9giques, de Gestion et Financier:<\/p>\n\n\t\t<\/div>\n\t<\/div>\n<\/div><\/div><\/div><div class=\"vc_row wpb_row vc_row-fluid\"><div class=\"wpb_column vc_column_container vc_col-sm-12\"><div class=\"wpb_wrapper\">[dt_gap height=&#8221;10&#8243;]\n\t<div class=\"wpb_text_column wpb_content_element \">\n\t\t<div class=\"wpb_wrapper\">\n\t\t\t\n\t\t<\/div>\n\t<\/div>\n[dt_gap height=&#8221;5&#8243;]\n\t<div class=\"wpb_tour wpb_content_element\" data-interval=\"0\">\n\t\t<div class=\"wpb_wrapper wpb_tour_tabs_wrapper ui-tabs vc_clearfix\">\n\t\t\t<ul class=\"wpb_tabs_nav ui-tabs-nav vc_clearfix\"><li><a href=\"#tab-1384255498-1-49\">Modernisation Administrative<\/a><\/li><li><a href=\"#tab-1384255498-2-15\">Planification strat\u00e9gique<\/a><\/li><li><a href=\"#tab-1384257886249-2-0\">Formation institutionnalles et<br \/>\n d\u00e9veloppement de comp\u00e9tences<\/a><\/li><li><a href=\"#tab-1384258086021-3-9\">Technologirs de l'information<br \/>\n et de la communication (TIC)<\/a><\/li><li><a href=\"#tab-1384258329932-4-3\">Etudes et diagnostics<\/a><\/li><li><a href=\"#tab-1384258488462-5-3\">\u00c9valuations et Audits<\/a><\/li><\/ul>\n\t<div id=\"tab-1384255498-1-49\" class=\"wpb_tab ui-tabs-panel wpb_ui-tabs-hide vc_clearfix\">\n\t\t[dt_vc_list style=&#8221;1&#8243; dividers=&#8221;false&#8221; bullet_position=&#8221;top&#8221;]Nous intervenons au niveau des Mod\u00e8les Institutionnels et de Gestion Municipale, fournissant les services qui contribuent \u00e0 l\u2019am\u00e9lioration, au niveau de l\u2019Organisation, de la performance \u00e9conomico-financi\u00e8re et de la qualit\u00e9 des services des Institutions Publiques.<\/p>\n<p>Notre intervention favorise l\u2019\u00e9laboration de mod\u00e8les de gestion modernes qui conf\u00e8rent aux Institutions Publiques la capacit\u00e9 de surmonter les d\u00e9fis auxquels ils font aujourd\u2019hui face, en agissant sur les composantes proc\u00e9durales, technologiques et de ressources humaines.<\/p>\n<p>Nous fournissons des services de Conseil et d\u2019Assistance dans les domaines suivants:<\/p>\n<div>\n<ul>\n<li>Mise en \u0153uvre du Syst\u00e8me de Gestion Int\u00e9gr\u00e9e \u2013 SIGMA, pour l\u2019administration publique;<\/li>\n<li>Pr\u00e9paration des documents Pr\u00e9visionnels;<\/li>\n<li>Pr\u00e9paration des documents de prestation de comptes;<\/li>\n<li>Validation des op\u00e9rations comptables;<\/li>\n<li>Organisation des entrep\u00f4ts et mise en \u0153uvre de la gestion des stocks;<\/li>\n<li>Inventaire, r\u00e9conciliation et \u00e9valuation des Biens Immobiliers et du domaine public dans le cadre de mise en \u0153uvre du POCAL;<\/li>\n<li>Mise en \u0153uvre de la comptabilit\u00e9 analytique;<\/li>\n<li>Mise en \u0153uvre, Suivi et Interpr\u00e9tation des indicateurs de gestion et de contr\u00f4le financier (Tableaux Borden);<\/li>\n<li>\u00c9valuation des Projets d\u2019Investissement;<\/li>\n<li>Mise en \u0153uvre du Syst\u00e8me Int\u00e9gr\u00e9 d\u2019\u00c9valuation des Performances de l\u2019Administration Publique;<\/li>\n<li>Autres.<\/li>\n<\/ul>\n<\/div>\n<p>Toujours dans le domaine de la Modernisation Administrative, nous \u00e9tablissons les \u00e9tudes suivantes:<\/p>\n<ul>\n<li>Organisation de services publics et \u00e9laboration des respectifs r\u00e8glements;<\/li>\n<li>D\u00e9termination des prix des services rendus et des biens fournis et des taxes pratiqu\u00e9es par les municipalit\u00e9s;<\/li>\n<li>Pr\u00e9paration des tables d\u2019honoraires et licences \u00e0 appliquer par les gouvernements de Province et les administrations municipales.<\/li>\n<\/ul>\n<p>[\/dt_vc_list]\n\t<\/div>\n\n\t<div id=\"tab-1384255498-2-15\" class=\"wpb_tab ui-tabs-panel wpb_ui-tabs-hide vc_clearfix\">\n\t\t[dt_vc_list style=&#8221;1&#8243; dividers=&#8221;false&#8221; bullet_position=&#8221;top&#8221;]Nous accompagnons nos clients sur la conception et la planification strat\u00e9gique dans divers secteurs et domaines, tant au niveau du d\u00e9veloppement national et local, qu\u2019au niveau institutionnel\/d\u2019entreprise.<\/p>\n<p>Nous mettons notre capacit\u00e9 technique, m\u00e9thode et exp\u00e9rience \u00e9prouv\u00e9e au service de nos clients, dans le cadre du d\u00e9veloppement de projets \/ plans dans les domaines suivants:<\/p>\n<ul>\n<li>Plans de d\u00e9veloppement \u00e9conomique et social;<\/li>\n<li>Plans d\u2019investissement;<\/li>\n<li>Plans strat\u00e9giques pour l\u2019entreprenariat;<\/li>\n<li>Plans strat\u00e9giques pour la planification territoriale et l\u2019urbanisation;<\/li>\n<li>Plans directeurs municipaux;<\/li>\n<li>Plans (et \u00e9tudes) de d\u00e9veloppement\u00a0 local \/ r\u00e9gional \/ de Province;<\/li>\n<li>Plans de Mise en \u0153uvre de Politiques sectorielles;<\/li>\n<li>Plans strat\u00e9giques institutionnels \/ d\u2019entreprise;<\/li>\n<li>Plans d\u2019affaires et de financement;<\/li>\n<li>Les mod\u00e8les de gouvernance institutionnelle \/ d\u2019entreprise;<\/li>\n<li>Manuels de Proc\u00e9dures;<\/li>\n<li>Autres.<\/li>\n<\/ul>\n<p>[\/dt_vc_list]\n\t<\/div>\n\n\t<div id=\"tab-1384257886249-2-0\" class=\"wpb_tab ui-tabs-panel wpb_ui-tabs-hide vc_clearfix\">\n\t\t[dt_vc_list style=&#8221;1&#8243; dividers=&#8221;false&#8221; bullet_position=&#8221;top&#8221;]Nous favorisons l\u2019\u00e9valuation et le d\u00e9veloppement des comp\u00e9tences du capital humain de nos clients, afin de former les institutions \/ entreprises et d\u2019assurer la modernisation de leurs services \u00e0 travers du d\u00e9veloppement et de la mise en \u0153uvre de:<\/p>\n<ul>\n<li>Diagnostics de Besoins de formation;<\/li>\n<li>Programmes de d\u00e9veloppement des comp\u00e9tences;<\/li>\n<li>Formation des utilisateurs dans la mise en \u0153uvre des TIC;<\/li>\n<li>Mod\u00e8les d\u2019\u00e9valuation de performance;<\/li>\n<li>Autres.<\/li>\n<\/ul>\n<p>Nos programmes de formation et de d\u00e9veloppement des comp\u00e9tences prennent diverses formes, en fonction de l\u2019ad\u00e9quation aux besoins des clients:<\/p>\n<ul>\n<li>Formation avec pr\u00e9sence physique \/ \u201cen salle\u201d;\/li&gt;<\/li>\n<li>Formation e-learning;<\/li>\n<li>Formation dans le contexte de travail \/ On Job;<\/li>\n<li>Formation \u2013 Action et apprentissage par l\u2019action (\u201cAction Learning\u201d);<\/li>\n<li>S\u00e9minaires et ateliers.<\/li>\n<\/ul>\n<p>Les Principaux domaines de formation institutionnelle et d\u2019Offre de formation dans lesquels nous intervenons sont:<\/p>\n<ul>\n<li>Gestion et administration<\/li>\n<li>Comptabilit\u00e9 et analyse financi\u00e8re<\/li>\n<li>Marketing et publicit\u00e9<\/li>\n<li>Adaptation \u00e0 la Fonction<\/li>\n<li>Secr\u00e9tariat et Travail administratif<\/li>\n<li>Formation de formateurs<\/li>\n<li>Comp\u00e9tences comportementales<\/li>\n<li>Informatique dans l\u2019optique de l\u2019utilisateur<\/li>\n<li>Informatique \u2013 syst\u00e8me de normalisation Comptable<\/li>\n<\/ul>\n<p>Nous d\u00e9veloppons des programmes adapt\u00e9s aux besoins de nos clients, proposant des solutions innovantes, avec un impact direct sur le d\u00e9veloppement de comp\u00e9tences, et qui permettent le transfert de celles-ci \u00e0 l\u2019exercice des fonctions.[\/dt_vc_list]\n\t<\/div>\n\n\t<div id=\"tab-1384258086021-3-9\" class=\"wpb_tab ui-tabs-panel wpb_ui-tabs-hide vc_clearfix\">\n\t\t[dt_vc_list style=&#8221;1&#8243; dividers=&#8221;false&#8221; bullet_position=&#8221;top&#8221;]Nous mettons au service du client les meilleures et les plus r\u00e9centes solutions de succ\u00e8s av\u00e9r\u00e9, au niveau des TIC, en mettant l\u2019accent sur l\u2019am\u00e9lioration de la performance de nos clients:<\/p>\n<div>\n<ul>\n<li>Conception, d\u00e9veloppement et mise en \u0153uvre de supports technologiques;<\/li>\n<li>Formation des utilisateurs;<\/li>\n<li>Int\u00e9gration de r\u00e9seaux et syst\u00e8mes;<\/li>\n<li>Informatisation de l\u2019information et des proc\u00e9dures;<\/li>\n<li>Autres.<\/li>\n<\/ul>\n<\/div>\n<div>Nous poss\u00e9dons une exp\u00e9rience consolid\u00e9e dans l\u2019informatisation des services de l\u2019Administration Publique, contribuant \u00e0 l\u2019efficacit\u00e9 et \u00e0 la modernisation de la prestation des services publics au Portugal, en Angola et dans d\u2019autres zones g\u00e9ographiques. Gr\u00e2ce \u00e0 l\u2019adoption des TIC, nous contribuons \u00e0 la concr\u00e9tisation de programmes gouvernementaux de d\u00e9centralisation administrative, augmentant la proximit\u00e9 entre les services et le citoyen.<\/div>\n<p>Nous intervenons dans les domaines de gestion financi\u00e8re, patrimoniale et des ressources humaines de l\u2019Etat, \u00e0 travers de la mise en \u0153uvre du Syst\u00e8me Int\u00e9gr\u00e9 de Gestion Municipale et Locale (SIGMA), dont la mise en \u0153uvre contribue \u00e0 l\u2019am\u00e9lioration des niveaux d\u2019efficacit\u00e9 et de cr\u00e9dibilit\u00e9 des services publics. Nous d\u00e9veloppons \u00e9galement des logiciels et d\u2019autres supports technologiques et applications adapt\u00e9es aux besoins du client, contribuant \u00e0 la r\u00e9solution des d\u00e9fis les plus complexes.<\/p>\n<p>S\u2019agissant du d\u00e9veloppement de Syst\u00e8mes Int\u00e9gr\u00e9s de Gestion des organes de l\u2019administration publique en Angola (SIGMA), nous sommes enregistr\u00e9s et inscrits aupr\u00e8s de la Commission Nationale des Technologies d\u2019Information (Comiss\u00e3o Nacional de Tecnologias de Informa\u00e7\u00e3o \u2013 CNTI).[\/dt_vc_list]\n\t<\/div>\n\n\t<div id=\"tab-1384258329932-4-3\" class=\"wpb_tab ui-tabs-panel wpb_ui-tabs-hide vc_clearfix\">\n\t\t[dt_vc_list style=&#8221;1&#8243; dividers=&#8221;false&#8221; bullet_position=&#8221;top&#8221;]Nous r\u00e9alisons des \u00e9tudes et des diagnostics destin\u00e9s \u00e0 caract\u00e9riser des situations et des contextes \u00e9tablis, en vue de l\u2019\u00e9laboration de recommandations et propositions concr\u00e8tes qui permettront d\u2019optimiser les ressources existantes et conduire \u00e0 des niveaux plus \u00e9lev\u00e9s d\u2019efficacit\u00e9:<\/p>\n<p>i.Diagnostics:<\/p>\n<ul>\n<li>L\u2019entreprenariat local;<\/li>\n<li>Organisation structurelle des services;<\/li>\n<li>Normes de Fonctionnement (de d\u00e9partements \/ unit\u00e9s organiques);<\/li>\n<li>Besoins en termes d\u2019information;<\/li>\n<li>Pratiques en mati\u00e8re de Ressources Humaines;<\/li>\n<li>Besoins en termes de formation;<\/li>\n<li>Autres.<\/li>\n<\/ul>\n<div>ii.\u00c9tudes:<\/div>\n<div>\n<ul>\n<li>Syst\u00e8me de planification nationale du territoire;<\/li>\n<li>Strat\u00e9gie de r\u00e9gionalisation ou de d\u00e9veloppement local;<\/li>\n<li>Politique nationale de l\u2019habitat;<\/li>\n<li>Restructurations;<\/li>\n<li>Analyse de la situation \u00e9conomique et financi\u00e8re;<\/li>\n<li>Viabilit\u00e9 \u00e9conomique;<\/li>\n<li>Signal\u00e9tique touristique et urbaine;<\/li>\n<li>Signal\u00e9tique des b\u00e2timents;<\/li>\n<li>Autres.<\/li>\n<\/ul>\n<\/div>\n<p>[\/dt_vc_list]\n\t<\/div>\n\n\t<div id=\"tab-1384258488462-5-3\" class=\"wpb_tab ui-tabs-panel wpb_ui-tabs-hide vc_clearfix\">\n\t\t[dt_vc_list style=&#8221;1&#8243; dividers=&#8221;false&#8221; bullet_position=&#8221;top&#8221;]Nous proc\u00e9dons \u00e0 des \u00e9valuations \/ audits de nature financi\u00e8re, consid\u00e9rant toujours ces processus comme outils de gestion, qui soutiennent l\u2019action des dirigeants au niveau op\u00e9rationnel, administratif, comptable et financier, conf\u00e9rant s\u00e9curit\u00e9, connaissance et contr\u00f4le.<\/p>\n<p>Dans notre activit\u00e9, nous consid\u00e9rons que seule une connaissance efficace et un suivi de la gestion et de la situation financi\u00e8re de la Municipalit\u00e9 peuvent permettre la mise en \u0153uvre de solutions appropri\u00e9es et en temps utiles.<\/p>\n<p>Ces processus ont comme principaux objectifs:<\/p>\n<ul>\n<li>V\u00e9rifier la l\u00e9galit\u00e9 et la conformit\u00e9 des proc\u00e9dures administratives et des registres comptables;<\/li>\n<li>\u00c9valuer l\u2019efficacit\u00e9 des proc\u00e9dures et des registres administratifs, comptables et financiers, sur la base de l\u2019analyse du Syst\u00e8me de Contr\u00f4le Interne.<\/li>\n<\/ul>\n<p>Nous disposons de m\u00e9thodologies ad\u00e9quates \u00e0 l\u2019analyse de la situation financi\u00e8re des municipalit\u00e9s (Angola) sur la base des documents de prestation de comptes et d\u2019un ensemble d\u2019indicateurs qui constituent le Cadre de Pilotage de la Municipalit\u00e9.[\/dt_vc_list]\n\t<\/div>\n<div class=\"wpb_tour_next_prev_nav vc_clearfix\"> <span class=\"wpb_prev_slide\"><a href=\"#prev\" title=\"Onglet pr\u00e9c\u00e9dent \">Onglet pr\u00e9c\u00e9dent <\/a><\/span> <span class=\"wpb_next_slide\"><a href=\"#next\" title=\"Onglet suivant\">Onglet suivant<\/a><\/span><\/div>\n\t\t<\/div>\n\t<\/div>\n<\/div><\/div><\/div><div class=\"vc_row wpb_row vc_row-fluid\"><\/div><div class=\"wpb_column vc_column_container vc_col-sm-12\"><div class=\"wpb_wrapper\"><\/div><\/div>\n","protected":false},"excerpt":{"rendered":"Dans le cadre des services de Conseil, nous intervenons dans les domaines Strat\u00e9giques, de Gestion et Financier: [dt_gap height=\"10\"] [dt_gap height=\"5\"] Modernisation AdministrativePlanification strat\u00e9giqueFormation institutionnalles et d\u00e9veloppement de comp\u00e9tencesTechnologirs de l'information et de la communication (TIC)Etudes et diagnostics\u00c9valuations et Audits [dt_vc_list style=\"1\" dividers=\"false\" bullet_position=\"top\"]Nous intervenons au niveau des Mod\u00e8les Institutionnels et de Gestion Municipale, fournissant &hellip; <a href=\"http:\/\/intersismet.pt\/fr\/service\/consultoria\/\" class=\"more-link\">Continue reading <span class=\"screen-reader-text\">Conseil<\/span><\/a>","protected":false},"author":1,"featured_media":0,"parent":14516,"menu_order":0,"comment_status":"closed","ping_status":"open","template":"","meta":{"footnotes":""},"_links":{"self":[{"href":"http:\/\/intersismet.pt\/fr\/wp-json\/wp\/v2\/pages\/14536"}],"collection":[{"href":"http:\/\/intersismet.pt\/fr\/wp-json\/wp\/v2\/pages"}],"about":[{"href":"http:\/\/intersismet.pt\/fr\/wp-json\/wp\/v2\/types\/page"}],"author":[{"embeddable":true,"href":"http:\/\/intersismet.pt\/fr\/wp-json\/wp\/v2\/users\/1"}],"replies":[{"embeddable":true,"href":"http:\/\/intersismet.pt\/fr\/wp-json\/wp\/v2\/comments?post=14536"}],"version-history":[{"count":0,"href":"http:\/\/intersismet.pt\/fr\/wp-json\/wp\/v2\/pages\/14536\/revisions"}],"up":[{"embeddable":true,"href":"http:\/\/intersismet.pt\/fr\/wp-json\/wp\/v2\/pages\/14516"}],"wp:attachment":[{"href":"http:\/\/intersismet.pt\/fr\/wp-json\/wp\/v2\/media?parent=14536"}],"curies":[{"name":"wp","href":"https:\/\/api.w.org\/{rel}","templated":true}]}}